{"id":906,"date":"2023-08-04T13:24:34","date_gmt":"2023-08-04T20:24:34","guid":{"rendered":"https:\/\/donation2charity.com\/newspanish\/?page_id=906"},"modified":"2025-02-18T11:02:16","modified_gmt":"2025-02-18T19:02:16","slug":"wyoming","status":"publish","type":"page","link":"https:\/\/topcash4junkcars.com\/spanish\/state-titles\/wyoming\/","title":{"rendered":"Wyoming"},"content":{"rendered":"\t\t<div data-elementor-type=\"wp-page\" data-elementor-id=\"906\" class=\"elementor elementor-906\" data-elementor-post-type=\"page\">\n\t\t\t\t<div class=\"elementor-element elementor-element-1b9fc8d e-flex e-con-boxed e-con e-parent\" data-id=\"1b9fc8d\" data-element_type=\"container\" data-settings=\"{&quot;background_background&quot;:&quot;classic&quot;}\">\n\t\t\t\t\t<div class=\"e-con-inner\">\n\t\t<div class=\"elementor-element elementor-element-9524530 e-con-full e-flex e-con e-child\" data-id=\"9524530\" data-element_type=\"container\">\n\t\t\t\t<div class=\"elementor-element elementor-element-d8496ea elementor-widget elementor-widget-image\" data-id=\"d8496ea\" data-element_type=\"widget\" data-widget_type=\"image.default\">\n\t\t\t\t<div class=\"elementor-widget-container\">\n\t\t\t\t\t\t\t\t\t\t\t\t\t\t\t<img decoding=\"async\" src=\"https:\/\/donation2charity.com\/spanish\/wp-content\/uploads\/2024\/11\/Wyoming-Flag.jpg\" title=\"\" alt=\"Flag of Wyoming\" loading=\"lazy\" \/>\t\t\t\t\t\t\t\t\t\t\t\t\t\t\t<\/div>\n\t\t\t\t<\/div>\n\t\t\t\t<div class=\"elementor-element elementor-element-88efbb8 elementor-widget elementor-widget-heading\" data-id=\"88efbb8\" data-element_type=\"widget\" data-widget_type=\"heading.default\">\n\t\t\t\t<div class=\"elementor-widget-container\">\n\t\t\t\t\t<h2 class=\"elementor-heading-title elementor-size-default\">The Equality State<\/h2>\t\t\t\t<\/div>\n\t\t\t\t<\/div>\n\t\t\t\t<\/div>\n\t\t<div class=\"elementor-element elementor-element-e2830d6 e-con-full e-flex e-con e-child\" data-id=\"e2830d6\" data-element_type=\"container\" link=\"https:\/\/www.visittheusa.mx\/state\/wyoming\" newtab=\"_blank\">\n\t\t\t\t<div class=\"elementor-element elementor-element-320b4ab elementor-flip-box--effect-fade elementor-widget elementor-widget-flip-box\" data-id=\"320b4ab\" data-element_type=\"widget\" data-widget_type=\"flip-box.default\">\n\t\t\t\t<div class=\"elementor-widget-container\">\n\t\t\t\t\t\t\t<div class=\"elementor-flip-box\" tabindex=\"0\">\n\t\t\t<div class=\"elementor-flip-box__layer elementor-flip-box__front\">\n\t\t\t\t<div class=\"elementor-flip-box__layer__overlay\">\n\t\t\t\t\t<div class=\"elementor-flip-box__layer__inner\">\n\t\t\t\t\t\t\t\t\t\t\t\t\t<div class=\"elementor-icon-wrapper elementor-view-default\">\n\t\t\t\t\t\t\t\t<div class=\"elementor-icon\">\n\t\t\t\t\t\t\t\t\t\t\t\t\t\t\t\t\t<\/div>\n\t\t\t\t\t\t\t<\/div>\n\t\t\t\t\t\t\n\t\t\t\t\t\t\n\t\t\t\t\t\t\t\t\t\t\t<\/div>\n\t\t\t\t<\/div>\n\t\t\t<\/div>\n\t\t\t<div class=\"elementor-flip-box__layer elementor-flip-box__back\">\n\t\t\t<div class=\"elementor-flip-box__layer__overlay\">\n\t\t\t\t<div class=\"elementor-flip-box__layer__inner\">\n\t\t\t\t\t\n\t\t\t\t\t\n\t\t\t\t\t\t\t\t<\/div>\n\t\t<\/div>\n\t\t<\/div>\n\t\t<\/div>\n\t\t\t\t\t\t<\/div>\n\t\t\t\t<\/div>\n\t\t\t\t<\/div>\n\t\t\t\t\t<\/div>\n\t\t\t\t<\/div>\n\t\t<div class=\"elementor-element elementor-element-42ac7fe e-flex e-con-boxed e-con e-parent\" data-id=\"42ac7fe\" data-element_type=\"container\">\n\t\t\t\t\t<div class=\"e-con-inner\">\n\t\t<div class=\"elementor-element elementor-element-792dd77 e-con-full e-flex e-con e-child\" data-id=\"792dd77\" data-element_type=\"container\">\n\t\t\t\t<div class=\"elementor-element elementor-element-279ab83 elementor-widget elementor-widget-heading\" data-id=\"279ab83\" data-element_type=\"widget\" data-widget_type=\"heading.default\">\n\t\t\t\t<div class=\"elementor-widget-container\">\n\t\t\t\t\t<h1 class=\"elementor-heading-title elementor-size-default\">Vender un veh\u00edculo en Wyoming (WY)\n<\/h1>\t\t\t\t<\/div>\n\t\t\t\t<\/div>\n\t\t\t\t<div class=\"elementor-element elementor-element-7d618c4 elementor-widget elementor-widget-text-editor\" data-id=\"7d618c4\" data-element_type=\"widget\" data-widget_type=\"text-editor.default\">\n\t\t\t\t<div class=\"elementor-widget-container\">\n\t\t\t\t\t\t\t\t\t<p>Vender un veh\u00edculo en Wyoming es f\u00e1cil. Top Cash 4 Junk Cars puede guiarle a trav\u00e9s de todo el proceso, paso a paso.<\/p>\t\t\t\t\t\t\t\t<\/div>\n\t\t\t\t<\/div>\n\t\t\t\t<div class=\"elementor-element elementor-element-2a376ee elementor-widget elementor-widget-text-editor\" data-id=\"2a376ee\" data-element_type=\"widget\" data-widget_type=\"text-editor.default\">\n\t\t\t\t<div class=\"elementor-widget-container\">\n\t\t\t\t\t\t\t\t\t<p>Click Image to Enlarge<\/p>\t\t\t\t\t\t\t\t<\/div>\n\t\t\t\t<\/div>\n\t\t<div class=\"elementor-element elementor-element-14c6de8 e-flex e-con-boxed e-con e-child\" data-id=\"14c6de8\" data-element_type=\"container\">\n\t\t\t\t\t<div class=\"e-con-inner\">\n\t\t<div class=\"elementor-element elementor-element-0ee6526 e-flex e-con-boxed e-con e-child\" data-id=\"0ee6526\" data-element_type=\"container\">\n\t\t\t\t\t<div class=\"e-con-inner\">\n\t\t\t\t<div class=\"elementor-element elementor-element-2548dc7 elementor-widget elementor-widget-image\" data-id=\"2548dc7\" data-element_type=\"widget\" data-widget_type=\"image.default\">\n\t\t\t\t<div class=\"elementor-widget-container\">\n\t\t\t\t\t\t\t\t\t\t\t\t\t\t\t\t<a href=\"https:\/\/donation2charity.com\/spanish\/wp-content\/uploads\/2023\/08\/Wyoming-COT-Front-Sample.jpg\" data-elementor-open-lightbox=\"yes\" data-elementor-lightbox-title=\"Wyoming-COT-Front-Sample\" data-e-action-hash=\"#elementor-action%3Aaction%3Dlightbox%26settings%3DeyJpZCI6MTY3NSwidXJsIjoiaHR0cHM6XC9cL3RvcGNhc2g0anVua2NhcnMuY29tXC9zcGFuaXNoXC93cC1jb250ZW50XC91cGxvYWRzXC8yMDIzXC8wOFwvV3lvbWluZy1DT1QtRnJvbnQtU2FtcGxlLmpwZyJ9\" target=\"_blank\" rel=\"noopener\">\n\t\t\t\t\t\t\t<img fetchpriority=\"high\" decoding=\"async\" width=\"674\" height=\"800\" src=\"https:\/\/topcash4junkcars.com\/spanish\/wp-content\/uploads\/2023\/08\/Wyoming-COT-Front-Sample.jpg\" class=\"attachment-large size-large wp-image-1675\" alt=\"COT Wyoming\" srcset=\"https:\/\/topcash4junkcars.com\/spanish\/wp-content\/uploads\/2023\/08\/Wyoming-COT-Front-Sample.jpg 674w, https:\/\/topcash4junkcars.com\/spanish\/wp-content\/uploads\/2023\/08\/Wyoming-COT-Front-Sample-253x300.jpg 253w\" sizes=\"(max-width: 674px) 100vw, 674px\" \/>\t\t\t\t\t\t\t\t<\/a>\n\t\t\t\t\t\t\t\t\t\t\t\t\t\t\t<\/div>\n\t\t\t\t<\/div>\n\t\t\t\t\t<\/div>\n\t\t\t\t<\/div>\n\t\t<div class=\"elementor-element elementor-element-688a908 e-flex e-con-boxed e-con e-child\" data-id=\"688a908\" data-element_type=\"container\">\n\t\t\t\t\t<div class=\"e-con-inner\">\n\t\t\t\t<div class=\"elementor-element elementor-element-53c72e3 elementor-widget elementor-widget-image\" data-id=\"53c72e3\" data-element_type=\"widget\" data-widget_type=\"image.default\">\n\t\t\t\t<div class=\"elementor-widget-container\">\n\t\t\t\t\t\t\t\t\t\t\t\t\t\t\t\t<a href=\"https:\/\/donation2charity.com\/spanish\/wp-content\/uploads\/2023\/08\/Wyoming-COT-Back-Sample.jpg\" data-elementor-open-lightbox=\"yes\" data-elementor-lightbox-title=\"Wyoming-COT-Back-Sample\" data-e-action-hash=\"#elementor-action%3Aaction%3Dlightbox%26settings%3DeyJpZCI6MTY3NiwidXJsIjoiaHR0cHM6XC9cL3RvcGNhc2g0anVua2NhcnMuY29tXC9zcGFuaXNoXC93cC1jb250ZW50XC91cGxvYWRzXC8yMDIzXC8wOFwvV3lvbWluZy1DT1QtQmFjay1TYW1wbGUuanBnIn0%3D\" target=\"_blank\" rel=\"noopener\">\n\t\t\t\t\t\t\t<img decoding=\"async\" width=\"733\" height=\"763\" src=\"https:\/\/topcash4junkcars.com\/spanish\/wp-content\/uploads\/2023\/08\/Wyoming-COT-Back-Sample.jpg\" class=\"attachment-large size-large wp-image-1676\" alt=\"COT Wyoming\" srcset=\"https:\/\/topcash4junkcars.com\/spanish\/wp-content\/uploads\/2023\/08\/Wyoming-COT-Back-Sample.jpg 733w, https:\/\/topcash4junkcars.com\/spanish\/wp-content\/uploads\/2023\/08\/Wyoming-COT-Back-Sample-288x300.jpg 288w\" sizes=\"(max-width: 733px) 100vw, 733px\" \/>\t\t\t\t\t\t\t\t<\/a>\n\t\t\t\t\t\t\t\t\t\t\t\t\t\t\t<\/div>\n\t\t\t\t<\/div>\n\t\t\t\t\t<\/div>\n\t\t\t\t<\/div>\n\t\t\t\t\t<\/div>\n\t\t\t\t<\/div>\n\t\t\t\t<div class=\"elementor-element elementor-element-ec70cba elementor-widget-divider--view-line elementor-widget elementor-widget-divider\" data-id=\"ec70cba\" data-element_type=\"widget\" data-widget_type=\"divider.default\">\n\t\t\t\t<div class=\"elementor-widget-container\">\n\t\t\t\t\t\t\t<div class=\"elementor-divider\">\n\t\t\t<span class=\"elementor-divider-separator\">\n\t\t\t\t\t\t<\/span>\n\t\t<\/div>\n\t\t\t\t\t\t<\/div>\n\t\t\t\t<\/div>\n\t\t\t\t<div class=\"elementor-element elementor-element-26ec133 elementor-widget elementor-widget-heading\" data-id=\"26ec133\" data-element_type=\"widget\" data-widget_type=\"heading.default\">\n\t\t\t\t<div class=\"elementor-widget-container\">\n\t\t\t\t\t<h2 class=\"elementor-heading-title elementor-size-default\"><a href=\"https:\/\/www.visittheusa.mx\/state\/wyoming\" target=\"_blank\" rel=\"noopener\">Descubrir Wyoming<\/a><\/h2>\t\t\t\t<\/div>\n\t\t\t\t<\/div>\n\t\t\t\t<div class=\"elementor-element elementor-element-8221889 elementor-widget elementor-widget-image\" data-id=\"8221889\" data-element_type=\"widget\" data-widget_type=\"image.default\">\n\t\t\t\t<div class=\"elementor-widget-container\">\n\t\t\t\t\t\t\t\t\t\t\t\t\t\t\t\t<a href=\"https:\/\/www.visittheusa.mx\/state\/wyoming\" target=\"_blank\" rel=\"noopener\">\n\t\t\t\t\t\t\t<img decoding=\"async\" width=\"237\" height=\"300\" src=\"https:\/\/topcash4junkcars.com\/spanish\/wp-content\/uploads\/2023\/08\/Discover-Wyoming.jpg\" class=\"attachment-large size-large wp-image-1672\" alt=\"Discover Wyoming\" \/>\t\t\t\t\t\t\t\t<\/a>\n\t\t\t\t\t\t\t\t\t\t\t\t\t\t\t<\/div>\n\t\t\t\t<\/div>\n\t\t\t\t<div class=\"elementor-element elementor-element-6e159d9 elementor-widget elementor-widget-text-editor\" data-id=\"6e159d9\" data-element_type=\"widget\" data-widget_type=\"text-editor.default\">\n\t\t\t\t<div class=\"elementor-widget-container\">\n\t\t\t\t\t\t\t\t\t<p>Wyoming, desde las imponentes cordilleras nevadas hasta las elevadas praderas, es un puesto de avanzada de belleza escarpada y hogar de la vida silvestre m\u00e1s diversa de Estados Unidos. Este estado tambi\u00e9n tiene una cultura amistosa y acogedora con un estilo del Oeste que se puede percibir desde el lujoso Jackson Hole hasta los peque\u00f1os pueblos hist\u00f3ricos. Con sus cielos preciosos, cultura vaquera, asambleas de los ind\u00edgenas estadounidenses, gastronom\u00eda de cinco estrellas y animada escena cervecera, Wyoming ofrece una estimulante visi\u00f3n de la aut\u00e9ntica vida en el Oeste.<\/p><p>\u00a0<\/p>\t\t\t\t\t\t\t\t<\/div>\n\t\t\t\t<\/div>\n\t\t\t\t<div class=\"elementor-element elementor-element-853530d elementor-widget-divider--view-line elementor-widget elementor-widget-divider\" data-id=\"853530d\" data-element_type=\"widget\" data-widget_type=\"divider.default\">\n\t\t\t\t<div class=\"elementor-widget-container\">\n\t\t\t\t\t\t\t<div class=\"elementor-divider\">\n\t\t\t<span class=\"elementor-divider-separator\">\n\t\t\t\t\t\t<\/span>\n\t\t<\/div>\n\t\t\t\t\t\t<\/div>\n\t\t\t\t<\/div>\n\t\t\t\t<div class=\"elementor-element elementor-element-9c9884e elementor-widget elementor-widget-heading\" data-id=\"9c9884e\" data-element_type=\"widget\" data-widget_type=\"heading.default\">\n\t\t\t\t<div class=\"elementor-widget-container\">\n\t\t\t\t\t<h3 class=\"elementor-heading-title elementor-size-default\">Enlaces \u00fatiles<\/h3>\t\t\t\t<\/div>\n\t\t\t\t<\/div>\n\t\t\t\t<div class=\"elementor-element elementor-element-475a14b elementor-widget elementor-widget-image\" data-id=\"475a14b\" data-element_type=\"widget\" data-widget_type=\"image.default\">\n\t\t\t\t<div class=\"elementor-widget-container\">\n\t\t\t\t\t\t\t\t\t\t\t\t\t\t\t\t<a href=\"http:\/\/www.dot.state.wy.us\/home.html\" target=\"_blank\" rel=\"noopener\">\n\t\t\t\t\t\t\t<img loading=\"lazy\" decoding=\"async\" width=\"252\" height=\"222\" src=\"https:\/\/topcash4junkcars.com\/spanish\/wp-content\/uploads\/2023\/08\/Wyoming-DOT.jpg\" class=\"attachment-large size-large wp-image-1673\" alt=\"DOT Wyoming\" \/>\t\t\t\t\t\t\t\t<\/a>\n\t\t\t\t\t\t\t\t\t\t\t\t\t\t\t<\/div>\n\t\t\t\t<\/div>\n\t\t\t\t<div class=\"elementor-element elementor-element-33b327d elementor-widget elementor-widget-image\" data-id=\"33b327d\" data-element_type=\"widget\" data-widget_type=\"image.default\">\n\t\t\t\t<div class=\"elementor-widget-container\">\n\t\t\t\t\t\t\t\t\t\t\t\t\t\t\t\t<a href=\"https:\/\/sos.wyo.gov\/\" target=\"_blank\" rel=\"noopener\">\n\t\t\t\t\t\t\t<img loading=\"lazy\" decoding=\"async\" width=\"260\" height=\"193\" src=\"https:\/\/topcash4junkcars.com\/spanish\/wp-content\/uploads\/2023\/08\/Wyoming-Sec-of-State.jpg\" class=\"attachment-large size-large wp-image-1669\" alt=\"SOS Wyoming\" \/>\t\t\t\t\t\t\t\t<\/a>\n\t\t\t\t\t\t\t\t\t\t\t\t\t\t\t<\/div>\n\t\t\t\t<\/div>\n\t\t\t\t<div class=\"elementor-element elementor-element-b1d3775 elementor-widget elementor-widget-html\" data-id=\"b1d3775\" data-element_type=\"widget\" data-widget_type=\"html.default\">\n\t\t\t\t<div class=\"elementor-widget-container\">\n\t\t\t\t\t<script>\r\nvar $ = jQuery\r\n$(document).ready(function(){\r\n    \r\n$('.elementor-section[link], .elementor-column[link] > .elementor-widget-wrap, .e-con[link], .e-container[link]').on('click', function(){\r\n    \r\n    var $this = $(this).hasClass('elementor-widget-wrap') ? $(this).parent() : $(this),\r\n    link = $this.attr('link'),\r\n    newtab = $this.attr('newtab'),\r\n    openIn = typeof newtab !== 'undefined' && newtab !== false ? '_blank' : '_self'\r\n    \r\n    window.open(link, openIn)\r\n})\r\n})\r\n<\/script>\r\n<style>\r\n.elementor-section[link], .elementor-column[link] > .elementor-widget-wrap, .e-con[link], .e-container[link] {\r\n    cursor: pointer;\r\n}\r\n<\/style>\t\t\t\t<\/div>\n\t\t\t\t<\/div>\n\t\t\t\t<\/div>\n\t\t\t\t\t<\/div>\n\t\t\t\t<\/div>\n\t\t\t\t<\/div>\n\t\t","protected":false},"excerpt":{"rendered":"<p>The Equality State Vender un veh\u00edculo en Wyoming (WY) Vender un veh\u00edculo en Wyoming es f\u00e1cil. Top Cash 4 Junk Cars puede guiarle a trav\u00e9s de todo el proceso, paso a paso. Click Image to Enlarge Descubrir Wyoming Wyoming, desde las imponentes cordilleras nevadas hasta las elevadas praderas, es un puesto de avanzada de belleza [&hellip;]<\/p>\n","protected":false},"author":1,"featured_media":0,"parent":17,"menu_order":0,"comment_status":"closed","ping_status":"closed","template":"","meta":{"_monsterinsights_skip_tracking":false,"_monsterinsights_sitenote_active":false,"_monsterinsights_sitenote_note":"","_monsterinsights_sitenote_category":0,"footnotes":""},"class_list":["post-906","page","type-page","status-publish","hentry"],"_links":{"self":[{"href":"https:\/\/topcash4junkcars.com\/spanish\/wp-json\/wp\/v2\/pages\/906","targetHints":{"allow":["GET"]}}],"collection":[{"href":"https:\/\/topcash4junkcars.com\/spanish\/wp-json\/wp\/v2\/pages"}],"about":[{"href":"https:\/\/topcash4junkcars.com\/spanish\/wp-json\/wp\/v2\/types\/page"}],"author":[{"embeddable":true,"href":"https:\/\/topcash4junkcars.com\/spanish\/wp-json\/wp\/v2\/users\/1"}],"replies":[{"embeddable":true,"href":"https:\/\/topcash4junkcars.com\/spanish\/wp-json\/wp\/v2\/comments?post=906"}],"version-history":[{"count":3,"href":"https:\/\/topcash4junkcars.com\/spanish\/wp-json\/wp\/v2\/pages\/906\/revisions"}],"predecessor-version":[{"id":2681,"href":"https:\/\/topcash4junkcars.com\/spanish\/wp-json\/wp\/v2\/pages\/906\/revisions\/2681"}],"up":[{"embeddable":true,"href":"https:\/\/topcash4junkcars.com\/spanish\/wp-json\/wp\/v2\/pages\/17"}],"wp:attachment":[{"href":"https:\/\/topcash4junkcars.com\/spanish\/wp-json\/wp\/v2\/media?parent=906"}],"curies":[{"name":"wp","href":"https:\/\/api.w.org\/{rel}","templated":true}]}}