{"id":902,"date":"2023-08-04T13:24:03","date_gmt":"2023-08-04T20:24:03","guid":{"rendered":"https:\/\/donation2charity.com\/newspanish\/?page_id=902"},"modified":"2025-02-18T11:00:25","modified_gmt":"2025-02-18T19:00:25","slug":"west-virginia","status":"publish","type":"page","link":"https:\/\/topcash4junkcars.com\/spanish\/state-titles\/west-virginia\/","title":{"rendered":"West Virginia"},"content":{"rendered":"\t\t<div data-elementor-type=\"wp-page\" data-elementor-id=\"902\" class=\"elementor elementor-902\" data-elementor-post-type=\"page\">\n\t\t\t\t<div class=\"elementor-element elementor-element-ba0f553 e-flex e-con-boxed e-con e-parent\" data-id=\"ba0f553\" data-element_type=\"container\" data-settings=\"{&quot;background_background&quot;:&quot;classic&quot;}\">\n\t\t\t\t\t<div class=\"e-con-inner\">\n\t\t<div class=\"elementor-element elementor-element-6faad14 e-con-full e-flex e-con e-child\" data-id=\"6faad14\" data-element_type=\"container\">\n\t\t\t\t<div class=\"elementor-element elementor-element-99cb489 elementor-widget elementor-widget-image\" data-id=\"99cb489\" data-element_type=\"widget\" data-widget_type=\"image.default\">\n\t\t\t\t<div class=\"elementor-widget-container\">\n\t\t\t\t\t\t\t\t\t\t\t\t\t\t\t<img decoding=\"async\" src=\"https:\/\/donation2charity.com\/spanish\/wp-content\/uploads\/2024\/11\/West_Virginia-Flag.jpg\" title=\"\" alt=\"Flag of West Virginia\" loading=\"lazy\" \/>\t\t\t\t\t\t\t\t\t\t\t\t\t\t\t<\/div>\n\t\t\t\t<\/div>\n\t\t\t\t<div class=\"elementor-element elementor-element-0b7943f elementor-widget elementor-widget-heading\" data-id=\"0b7943f\" data-element_type=\"widget\" data-widget_type=\"heading.default\">\n\t\t\t\t<div class=\"elementor-widget-container\">\n\t\t\t\t\t<h2 class=\"elementor-heading-title elementor-size-default\">The Mountain State<\/h2>\t\t\t\t<\/div>\n\t\t\t\t<\/div>\n\t\t\t\t<\/div>\n\t\t<div class=\"elementor-element elementor-element-1b2d231 e-con-full e-flex e-con e-child\" data-id=\"1b2d231\" data-element_type=\"container\" link=\"https:\/\/www.visittheusa.mx\/state\/west-virginia\" newtab=\"_blank\">\n\t\t\t\t<div class=\"elementor-element elementor-element-f740bdc elementor-flip-box--effect-fade elementor-widget elementor-widget-flip-box\" data-id=\"f740bdc\" data-element_type=\"widget\" data-widget_type=\"flip-box.default\">\n\t\t\t\t<div class=\"elementor-widget-container\">\n\t\t\t\t\t\t\t<div class=\"elementor-flip-box\" tabindex=\"0\">\n\t\t\t<div class=\"elementor-flip-box__layer elementor-flip-box__front\">\n\t\t\t\t<div class=\"elementor-flip-box__layer__overlay\">\n\t\t\t\t\t<div class=\"elementor-flip-box__layer__inner\">\n\t\t\t\t\t\t\t\t\t\t\t\t\t<div class=\"elementor-icon-wrapper elementor-view-default\">\n\t\t\t\t\t\t\t\t<div class=\"elementor-icon\">\n\t\t\t\t\t\t\t\t\t\t\t\t\t\t\t\t\t<\/div>\n\t\t\t\t\t\t\t<\/div>\n\t\t\t\t\t\t\n\t\t\t\t\t\t\n\t\t\t\t\t\t\t\t\t\t\t<\/div>\n\t\t\t\t<\/div>\n\t\t\t<\/div>\n\t\t\t<div class=\"elementor-flip-box__layer elementor-flip-box__back\">\n\t\t\t<div class=\"elementor-flip-box__layer__overlay\">\n\t\t\t\t<div class=\"elementor-flip-box__layer__inner\">\n\t\t\t\t\t\n\t\t\t\t\t\n\t\t\t\t\t\t\t\t<\/div>\n\t\t<\/div>\n\t\t<\/div>\n\t\t<\/div>\n\t\t\t\t\t\t<\/div>\n\t\t\t\t<\/div>\n\t\t\t\t<\/div>\n\t\t\t\t\t<\/div>\n\t\t\t\t<\/div>\n\t\t<div class=\"elementor-element elementor-element-73e3d81 e-flex e-con-boxed e-con e-parent\" data-id=\"73e3d81\" data-element_type=\"container\">\n\t\t\t\t\t<div class=\"e-con-inner\">\n\t\t<div class=\"elementor-element elementor-element-a08bbcb e-con-full e-flex e-con e-child\" data-id=\"a08bbcb\" data-element_type=\"container\">\n\t\t\t\t<div class=\"elementor-element elementor-element-7942355 elementor-widget elementor-widget-heading\" data-id=\"7942355\" data-element_type=\"widget\" data-widget_type=\"heading.default\">\n\t\t\t\t<div class=\"elementor-widget-container\">\n\t\t\t\t\t<h1 class=\"elementor-heading-title elementor-size-default\">Vender un veh\u00edculo en West Virginia (WV)\n<\/h1>\t\t\t\t<\/div>\n\t\t\t\t<\/div>\n\t\t\t\t<div class=\"elementor-element elementor-element-f297ba5 elementor-widget elementor-widget-text-editor\" data-id=\"f297ba5\" data-element_type=\"widget\" data-widget_type=\"text-editor.default\">\n\t\t\t\t<div class=\"elementor-widget-container\">\n\t\t\t\t\t\t\t\t\t<p>Vender un veh\u00edculo en West Virginia es f\u00e1cil. Top Cash 4 Junk Cars puede guiarle a trav\u00e9s de todo el proceso, paso a paso.<\/p>\t\t\t\t\t\t\t\t<\/div>\n\t\t\t\t<\/div>\n\t\t\t\t<div class=\"elementor-element elementor-element-40546f9 elementor-widget elementor-widget-text-editor\" data-id=\"40546f9\" data-element_type=\"widget\" data-widget_type=\"text-editor.default\">\n\t\t\t\t<div class=\"elementor-widget-container\">\n\t\t\t\t\t\t\t\t\t<p>Click Image to Enlarge<\/p>\t\t\t\t\t\t\t\t<\/div>\n\t\t\t\t<\/div>\n\t\t<div class=\"elementor-element elementor-element-1d82d75 e-flex e-con-boxed e-con e-child\" data-id=\"1d82d75\" data-element_type=\"container\">\n\t\t\t\t\t<div class=\"e-con-inner\">\n\t\t<div class=\"elementor-element elementor-element-d9027b0 e-flex e-con-boxed e-con e-child\" data-id=\"d9027b0\" data-element_type=\"container\">\n\t\t\t\t\t<div class=\"e-con-inner\">\n\t\t\t\t<div class=\"elementor-element elementor-element-2476bfc elementor-widget elementor-widget-image\" data-id=\"2476bfc\" data-element_type=\"widget\" data-widget_type=\"image.default\">\n\t\t\t\t<div class=\"elementor-widget-container\">\n\t\t\t\t\t\t\t\t\t\t\t\t\t\t\t\t<a href=\"https:\/\/donation2charity.com\/spanish\/wp-content\/uploads\/2023\/08\/West-Virginia-COT-Front-Sample.jpg\" data-elementor-open-lightbox=\"yes\" data-elementor-lightbox-title=\"West-Virginia-COT-Front-Sample\" data-e-action-hash=\"#elementor-action%3Aaction%3Dlightbox%26settings%3DeyJpZCI6MTY1MCwidXJsIjoiaHR0cHM6XC9cL3RvcGNhc2g0anVua2NhcnMuY29tXC9zcGFuaXNoXC93cC1jb250ZW50XC91cGxvYWRzXC8yMDIzXC8wOFwvV2VzdC1WaXJnaW5pYS1DT1QtRnJvbnQtU2FtcGxlLmpwZyJ9\" target=\"_blank\" rel=\"noopener\">\n\t\t\t\t\t\t\t<img fetchpriority=\"high\" decoding=\"async\" width=\"596\" height=\"800\" src=\"https:\/\/topcash4junkcars.com\/spanish\/wp-content\/uploads\/2023\/08\/West-Virginia-COT-Front-Sample.jpg\" class=\"attachment-large size-large wp-image-1650\" alt=\"COT West Virginia\" srcset=\"https:\/\/topcash4junkcars.com\/spanish\/wp-content\/uploads\/2023\/08\/West-Virginia-COT-Front-Sample.jpg 596w, https:\/\/topcash4junkcars.com\/spanish\/wp-content\/uploads\/2023\/08\/West-Virginia-COT-Front-Sample-224x300.jpg 224w\" sizes=\"(max-width: 596px) 100vw, 596px\" \/>\t\t\t\t\t\t\t\t<\/a>\n\t\t\t\t\t\t\t\t\t\t\t\t\t\t\t<\/div>\n\t\t\t\t<\/div>\n\t\t\t\t\t<\/div>\n\t\t\t\t<\/div>\n\t\t<div class=\"elementor-element elementor-element-3a2c2f8 e-flex e-con-boxed e-con e-child\" data-id=\"3a2c2f8\" data-element_type=\"container\">\n\t\t\t\t\t<div class=\"e-con-inner\">\n\t\t\t\t<div class=\"elementor-element elementor-element-c979e5a elementor-widget elementor-widget-image\" data-id=\"c979e5a\" data-element_type=\"widget\" data-widget_type=\"image.default\">\n\t\t\t\t<div class=\"elementor-widget-container\">\n\t\t\t\t\t\t\t\t\t\t\t\t\t\t\t\t<a href=\"https:\/\/donation2charity.com\/spanish\/wp-content\/uploads\/2023\/08\/West-Virginia-COT-Back-Sample.jpg\" data-elementor-open-lightbox=\"yes\" data-elementor-lightbox-title=\"West-Virginia-COT-Back-Sample\" data-e-action-hash=\"#elementor-action%3Aaction%3Dlightbox%26settings%3DeyJpZCI6MTY1MSwidXJsIjoiaHR0cHM6XC9cL3RvcGNhc2g0anVua2NhcnMuY29tXC9zcGFuaXNoXC93cC1jb250ZW50XC91cGxvYWRzXC8yMDIzXC8wOFwvV2VzdC1WaXJnaW5pYS1DT1QtQmFjay1TYW1wbGUuanBnIn0%3D\" target=\"_blank\" rel=\"noopener\">\n\t\t\t\t\t\t\t<img decoding=\"async\" width=\"630\" height=\"800\" src=\"https:\/\/topcash4junkcars.com\/spanish\/wp-content\/uploads\/2023\/08\/West-Virginia-COT-Back-Sample.jpg\" class=\"attachment-large size-large wp-image-1651\" alt=\"COT West Virginia\" srcset=\"https:\/\/topcash4junkcars.com\/spanish\/wp-content\/uploads\/2023\/08\/West-Virginia-COT-Back-Sample.jpg 630w, https:\/\/topcash4junkcars.com\/spanish\/wp-content\/uploads\/2023\/08\/West-Virginia-COT-Back-Sample-236x300.jpg 236w\" sizes=\"(max-width: 630px) 100vw, 630px\" \/>\t\t\t\t\t\t\t\t<\/a>\n\t\t\t\t\t\t\t\t\t\t\t\t\t\t\t<\/div>\n\t\t\t\t<\/div>\n\t\t\t\t\t<\/div>\n\t\t\t\t<\/div>\n\t\t\t\t\t<\/div>\n\t\t\t\t<\/div>\n\t\t\t\t<div class=\"elementor-element elementor-element-e0330e2 elementor-widget-divider--view-line elementor-widget elementor-widget-divider\" data-id=\"e0330e2\" data-element_type=\"widget\" data-widget_type=\"divider.default\">\n\t\t\t\t<div class=\"elementor-widget-container\">\n\t\t\t\t\t\t\t<div class=\"elementor-divider\">\n\t\t\t<span class=\"elementor-divider-separator\">\n\t\t\t\t\t\t<\/span>\n\t\t<\/div>\n\t\t\t\t\t\t<\/div>\n\t\t\t\t<\/div>\n\t\t\t\t<div class=\"elementor-element elementor-element-50f3dcf elementor-widget elementor-widget-heading\" data-id=\"50f3dcf\" data-element_type=\"widget\" data-widget_type=\"heading.default\">\n\t\t\t\t<div class=\"elementor-widget-container\">\n\t\t\t\t\t<h2 class=\"elementor-heading-title elementor-size-default\"><a href=\"https:\/\/www.visittheusa.mx\/state\/west-virginia\" target=\"_blank\" rel=\"noopener\">Descubrir West Virginia<\/a><\/h2>\t\t\t\t<\/div>\n\t\t\t\t<\/div>\n\t\t\t\t<div class=\"elementor-element elementor-element-2bdc473 elementor-widget elementor-widget-image\" data-id=\"2bdc473\" data-element_type=\"widget\" data-widget_type=\"image.default\">\n\t\t\t\t<div class=\"elementor-widget-container\">\n\t\t\t\t\t\t\t\t\t\t\t\t\t\t\t\t<a href=\"https:\/\/www.visittheusa.mx\/state\/west-virginia\" target=\"_blank\" rel=\"noopener\">\n\t\t\t\t\t\t\t<img decoding=\"async\" width=\"186\" height=\"250\" src=\"https:\/\/topcash4junkcars.com\/spanish\/wp-content\/uploads\/2023\/08\/Discover-West-Virginia.jpg\" class=\"attachment-large size-large wp-image-1646\" alt=\"Discover West Virginia\" \/>\t\t\t\t\t\t\t\t<\/a>\n\t\t\t\t\t\t\t\t\t\t\t\t\t\t\t<\/div>\n\t\t\t\t<\/div>\n\t\t\t\t<div class=\"elementor-element elementor-element-113d16d elementor-widget elementor-widget-text-editor\" data-id=\"113d16d\" data-element_type=\"widget\" data-widget_type=\"text-editor.default\">\n\t\t\t\t<div class=\"elementor-widget-container\">\n\t\t\t\t\t\t\t\t\t<p>Virginia-Occidental es un estado que nunca deja de inspirar y que puedes disfrutar en cualquier temporada, ya sea que andes en bicicleta y disfrutes de un chapuz\u00f3n bajo el brillante sol del verano o conduzcas por las carreteras panor\u00e1micas para maravillarte con los colores del oto\u00f1o. El invierno le da la bienvenida al esqu\u00ed y los juegos en la nieve, mientras que la primavera invita a pasear por las monta\u00f1as y disfrutar de las flores silvestres y las cascadas. Los amantes de la cultura podr\u00e1n descubrir las tradiciones centenarias de los apalaches que se mantienen vigentes en peque\u00f1os pueblos y sitios hist\u00f3ricos, mientras que los entusiastas de la gastronom\u00eda pueden degustar las especialidades de la regi\u00f3n de la granja a la mesa. Hazlo todo este estado perfectamente ubicado, a solo unos pasos de las regiones del Atl\u00e1ntico Medio y del sureste de Estados Unidos.<\/p><p>\u00a0<\/p>\t\t\t\t\t\t\t\t<\/div>\n\t\t\t\t<\/div>\n\t\t\t\t<div class=\"elementor-element elementor-element-4fbdb6e elementor-widget-divider--view-line elementor-widget elementor-widget-divider\" data-id=\"4fbdb6e\" data-element_type=\"widget\" data-widget_type=\"divider.default\">\n\t\t\t\t<div class=\"elementor-widget-container\">\n\t\t\t\t\t\t\t<div class=\"elementor-divider\">\n\t\t\t<span class=\"elementor-divider-separator\">\n\t\t\t\t\t\t<\/span>\n\t\t<\/div>\n\t\t\t\t\t\t<\/div>\n\t\t\t\t<\/div>\n\t\t\t\t<div class=\"elementor-element elementor-element-583ba80 elementor-widget elementor-widget-heading\" data-id=\"583ba80\" data-element_type=\"widget\" data-widget_type=\"heading.default\">\n\t\t\t\t<div class=\"elementor-widget-container\">\n\t\t\t\t\t<h3 class=\"elementor-heading-title elementor-size-default\">Enlaces \u00fatiles<\/h3>\t\t\t\t<\/div>\n\t\t\t\t<\/div>\n\t\t\t\t<div class=\"elementor-element elementor-element-d94ab19 elementor-widget elementor-widget-image\" data-id=\"d94ab19\" data-element_type=\"widget\" data-widget_type=\"image.default\">\n\t\t\t\t<div class=\"elementor-widget-container\">\n\t\t\t\t\t\t\t\t\t\t\t\t\t\t\t\t<a href=\"https:\/\/hidot.hawaii.gov\/\" target=\"_blank\" rel=\"noopener\">\n\t\t\t\t\t\t\t<img loading=\"lazy\" decoding=\"async\" width=\"600\" height=\"132\" src=\"https:\/\/topcash4junkcars.com\/spanish\/wp-content\/uploads\/2023\/08\/West_Virginia-DOT.jpg\" class=\"attachment-large size-large wp-image-1648\" alt=\"DOT West Virginia\" srcset=\"https:\/\/topcash4junkcars.com\/spanish\/wp-content\/uploads\/2023\/08\/West_Virginia-DOT.jpg 600w, https:\/\/topcash4junkcars.com\/spanish\/wp-content\/uploads\/2023\/08\/West_Virginia-DOT-300x66.jpg 300w\" sizes=\"(max-width: 600px) 100vw, 600px\" \/>\t\t\t\t\t\t\t\t<\/a>\n\t\t\t\t\t\t\t\t\t\t\t\t\t\t\t<\/div>\n\t\t\t\t<\/div>\n\t\t\t\t<div class=\"elementor-element elementor-element-320c8b6 elementor-widget elementor-widget-image\" data-id=\"320c8b6\" data-element_type=\"widget\" data-widget_type=\"image.default\">\n\t\t\t\t<div class=\"elementor-widget-container\">\n\t\t\t\t\t\t\t\t\t\t\t\t\t\t\t\t<a href=\"https:\/\/portal.ehawaii.gov\/\" target=\"_blank\" rel=\"noopener\">\n\t\t\t\t\t\t\t<img loading=\"lazy\" decoding=\"async\" width=\"600\" height=\"222\" src=\"https:\/\/topcash4junkcars.com\/spanish\/wp-content\/uploads\/2023\/08\/West_Virginia-Sec-of-State.jpg\" class=\"attachment-large size-large wp-image-1643\" alt=\"SOS West Virginia\" srcset=\"https:\/\/topcash4junkcars.com\/spanish\/wp-content\/uploads\/2023\/08\/West_Virginia-Sec-of-State.jpg 600w, https:\/\/topcash4junkcars.com\/spanish\/wp-content\/uploads\/2023\/08\/West_Virginia-Sec-of-State-300x111.jpg 300w\" sizes=\"(max-width: 600px) 100vw, 600px\" \/>\t\t\t\t\t\t\t\t<\/a>\n\t\t\t\t\t\t\t\t\t\t\t\t\t\t\t<\/div>\n\t\t\t\t<\/div>\n\t\t\t\t<div class=\"elementor-element elementor-element-045a7dd elementor-widget elementor-widget-image\" data-id=\"045a7dd\" data-element_type=\"widget\" data-widget_type=\"image.default\">\n\t\t\t\t<div class=\"elementor-widget-container\">\n\t\t\t\t\t\t\t\t\t\t\t\t\t\t\t\t<a href=\"https:\/\/transportation.wv.gov\/dmv\/Pages\/default.aspx\" target=\"_blank\" rel=\"noopener\">\n\t\t\t\t\t\t\t<img loading=\"lazy\" decoding=\"async\" width=\"600\" height=\"222\" src=\"https:\/\/topcash4junkcars.com\/spanish\/wp-content\/uploads\/2023\/08\/West_Virginia-DMV.jpg\" class=\"attachment-large size-large wp-image-1647\" alt=\"DMV West Virginia\" srcset=\"https:\/\/topcash4junkcars.com\/spanish\/wp-content\/uploads\/2023\/08\/West_Virginia-DMV.jpg 600w, https:\/\/topcash4junkcars.com\/spanish\/wp-content\/uploads\/2023\/08\/West_Virginia-DMV-300x111.jpg 300w\" sizes=\"(max-width: 600px) 100vw, 600px\" \/>\t\t\t\t\t\t\t\t<\/a>\n\t\t\t\t\t\t\t\t\t\t\t\t\t\t\t<\/div>\n\t\t\t\t<\/div>\n\t\t\t\t<div class=\"elementor-element elementor-element-0f9c267 elementor-widget elementor-widget-html\" data-id=\"0f9c267\" data-element_type=\"widget\" data-widget_type=\"html.default\">\n\t\t\t\t<div class=\"elementor-widget-container\">\n\t\t\t\t\t<script>\r\nvar $ = jQuery\r\n$(document).ready(function(){\r\n    \r\n$('.elementor-section[link], .elementor-column[link] > .elementor-widget-wrap, .e-con[link], .e-container[link]').on('click', function(){\r\n    \r\n    var $this = $(this).hasClass('elementor-widget-wrap') ? $(this).parent() : $(this),\r\n    link = $this.attr('link'),\r\n    newtab = $this.attr('newtab'),\r\n    openIn = typeof newtab !== 'undefined' && newtab !== false ? '_blank' : '_self'\r\n    \r\n    window.open(link, openIn)\r\n})\r\n})\r\n<\/script>\r\n<style>\r\n.elementor-section[link], .elementor-column[link] > .elementor-widget-wrap, .e-con[link], .e-container[link] {\r\n    cursor: pointer;\r\n}\r\n<\/style>\t\t\t\t<\/div>\n\t\t\t\t<\/div>\n\t\t\t\t<\/div>\n\t\t\t\t\t<\/div>\n\t\t\t\t<\/div>\n\t\t\t\t<\/div>\n\t\t","protected":false},"excerpt":{"rendered":"<p>The Mountain State Vender un veh\u00edculo en West Virginia (WV) Vender un veh\u00edculo en West Virginia es f\u00e1cil. Top Cash 4 Junk Cars puede guiarle a trav\u00e9s de todo el proceso, paso a paso. Click Image to Enlarge Descubrir West Virginia Virginia-Occidental es un estado que nunca deja de inspirar y que puedes disfrutar en [&hellip;]<\/p>\n","protected":false},"author":1,"featured_media":0,"parent":17,"menu_order":0,"comment_status":"closed","ping_status":"closed","template":"","meta":{"_monsterinsights_skip_tracking":false,"_monsterinsights_sitenote_active":false,"_monsterinsights_sitenote_note":"","_monsterinsights_sitenote_category":0,"footnotes":""},"class_list":["post-902","page","type-page","status-publish","hentry"],"_links":{"self":[{"href":"https:\/\/topcash4junkcars.com\/spanish\/wp-json\/wp\/v2\/pages\/902","targetHints":{"allow":["GET"]}}],"collection":[{"href":"https:\/\/topcash4junkcars.com\/spanish\/wp-json\/wp\/v2\/pages"}],"about":[{"href":"https:\/\/topcash4junkcars.com\/spanish\/wp-json\/wp\/v2\/types\/page"}],"author":[{"embeddable":true,"href":"https:\/\/topcash4junkcars.com\/spanish\/wp-json\/wp\/v2\/users\/1"}],"replies":[{"embeddable":true,"href":"https:\/\/topcash4junkcars.com\/spanish\/wp-json\/wp\/v2\/comments?post=902"}],"version-history":[{"count":3,"href":"https:\/\/topcash4junkcars.com\/spanish\/wp-json\/wp\/v2\/pages\/902\/revisions"}],"predecessor-version":[{"id":2672,"href":"https:\/\/topcash4junkcars.com\/spanish\/wp-json\/wp\/v2\/pages\/902\/revisions\/2672"}],"up":[{"embeddable":true,"href":"https:\/\/topcash4junkcars.com\/spanish\/wp-json\/wp\/v2\/pages\/17"}],"wp:attachment":[{"href":"https:\/\/topcash4junkcars.com\/spanish\/wp-json\/wp\/v2\/media?parent=902"}],"curies":[{"name":"wp","href":"https:\/\/api.w.org\/{rel}","templated":true}]}}