{"id":888,"date":"2023-08-04T13:21:58","date_gmt":"2023-08-04T20:21:58","guid":{"rendered":"https:\/\/donation2charity.com\/newspanish\/?page_id=888"},"modified":"2025-02-18T10:54:11","modified_gmt":"2025-02-18T18:54:11","slug":"south-dakota","status":"publish","type":"page","link":"https:\/\/topcash4junkcars.com\/spanish\/state-titles\/south-dakota\/","title":{"rendered":"South Dakota"},"content":{"rendered":"\t\t<div data-elementor-type=\"wp-page\" data-elementor-id=\"888\" class=\"elementor elementor-888\" data-elementor-post-type=\"page\">\n\t\t\t\t<div class=\"elementor-element elementor-element-afbe4b7 e-flex e-con-boxed e-con e-parent\" data-id=\"afbe4b7\" data-element_type=\"container\" data-settings=\"{&quot;background_background&quot;:&quot;classic&quot;}\">\n\t\t\t\t\t<div class=\"e-con-inner\">\n\t\t<div class=\"elementor-element elementor-element-47d4f7f e-con-full e-flex e-con e-child\" data-id=\"47d4f7f\" data-element_type=\"container\">\n\t\t\t\t<div class=\"elementor-element elementor-element-4403475 elementor-widget elementor-widget-image\" data-id=\"4403475\" data-element_type=\"widget\" data-widget_type=\"image.default\">\n\t\t\t\t<div class=\"elementor-widget-container\">\n\t\t\t\t\t\t\t\t\t\t\t\t\t\t\t<img decoding=\"async\" src=\"https:\/\/donation2charity.com\/spanish\/wp-content\/uploads\/2024\/11\/South_Dakota-Flag.jpg\" title=\"\" alt=\"Flag of South Dakota\" loading=\"lazy\" \/>\t\t\t\t\t\t\t\t\t\t\t\t\t\t\t<\/div>\n\t\t\t\t<\/div>\n\t\t\t\t<div class=\"elementor-element elementor-element-d5640fa elementor-widget elementor-widget-heading\" data-id=\"d5640fa\" data-element_type=\"widget\" data-widget_type=\"heading.default\">\n\t\t\t\t<div class=\"elementor-widget-container\">\n\t\t\t\t\t<h2 class=\"elementor-heading-title elementor-size-default\">The Palmetto State<\/h2>\t\t\t\t<\/div>\n\t\t\t\t<\/div>\n\t\t\t\t<\/div>\n\t\t<div class=\"elementor-element elementor-element-bfc96c5 e-con-full e-flex e-con e-child\" data-id=\"bfc96c5\" data-element_type=\"container\" link=\"https:\/\/www.visittheusa.mx\/state\/south-dakota\" newtab=\"_blank\">\n\t\t\t\t<div class=\"elementor-element elementor-element-a8efcb8 elementor-flip-box--effect-fade elementor-widget elementor-widget-flip-box\" data-id=\"a8efcb8\" data-element_type=\"widget\" data-widget_type=\"flip-box.default\">\n\t\t\t\t<div class=\"elementor-widget-container\">\n\t\t\t\t\t\t\t<div class=\"elementor-flip-box\" tabindex=\"0\">\n\t\t\t<div class=\"elementor-flip-box__layer elementor-flip-box__front\">\n\t\t\t\t<div class=\"elementor-flip-box__layer__overlay\">\n\t\t\t\t\t<div class=\"elementor-flip-box__layer__inner\">\n\t\t\t\t\t\t\t\t\t\t\t\t\t<div class=\"elementor-icon-wrapper elementor-view-default\">\n\t\t\t\t\t\t\t\t<div class=\"elementor-icon\">\n\t\t\t\t\t\t\t\t\t\t\t\t\t\t\t\t\t<\/div>\n\t\t\t\t\t\t\t<\/div>\n\t\t\t\t\t\t\n\t\t\t\t\t\t\n\t\t\t\t\t\t\t\t\t\t\t<\/div>\n\t\t\t\t<\/div>\n\t\t\t<\/div>\n\t\t\t<div class=\"elementor-flip-box__layer elementor-flip-box__back\">\n\t\t\t<div class=\"elementor-flip-box__layer__overlay\">\n\t\t\t\t<div class=\"elementor-flip-box__layer__inner\">\n\t\t\t\t\t\n\t\t\t\t\t\n\t\t\t\t\t\t\t\t<\/div>\n\t\t<\/div>\n\t\t<\/div>\n\t\t<\/div>\n\t\t\t\t\t\t<\/div>\n\t\t\t\t<\/div>\n\t\t\t\t<\/div>\n\t\t\t\t\t<\/div>\n\t\t\t\t<\/div>\n\t\t<div class=\"elementor-element elementor-element-e070eca e-flex e-con-boxed e-con e-parent\" data-id=\"e070eca\" data-element_type=\"container\">\n\t\t\t\t\t<div class=\"e-con-inner\">\n\t\t<div class=\"elementor-element elementor-element-aca906a e-con-full e-flex e-con e-child\" data-id=\"aca906a\" data-element_type=\"container\">\n\t\t\t\t<div class=\"elementor-element elementor-element-47da961 elementor-widget elementor-widget-heading\" data-id=\"47da961\" data-element_type=\"widget\" data-widget_type=\"heading.default\">\n\t\t\t\t<div class=\"elementor-widget-container\">\n\t\t\t\t\t<h1 class=\"elementor-heading-title elementor-size-default\">Vender un veh\u00edculo en South Dakota (SD)\n<\/h1>\t\t\t\t<\/div>\n\t\t\t\t<\/div>\n\t\t\t\t<div class=\"elementor-element elementor-element-d014427 elementor-widget elementor-widget-text-editor\" data-id=\"d014427\" data-element_type=\"widget\" data-widget_type=\"text-editor.default\">\n\t\t\t\t<div class=\"elementor-widget-container\">\n\t\t\t\t\t\t\t\t\t<p>Vender un veh\u00edculo en South Dakota es f\u00e1cil. Top Cash 4 Junk Cars puede guiarle a trav\u00e9s de todo el proceso, paso a paso.<\/p>\t\t\t\t\t\t\t\t<\/div>\n\t\t\t\t<\/div>\n\t\t\t\t<div class=\"elementor-element elementor-element-8542862 elementor-widget elementor-widget-text-editor\" data-id=\"8542862\" data-element_type=\"widget\" data-widget_type=\"text-editor.default\">\n\t\t\t\t<div class=\"elementor-widget-container\">\n\t\t\t\t\t\t\t\t\t<p>Click Image to Enlarge<\/p>\t\t\t\t\t\t\t\t<\/div>\n\t\t\t\t<\/div>\n\t\t<div class=\"elementor-element elementor-element-1e40369 e-flex e-con-boxed e-con e-child\" data-id=\"1e40369\" data-element_type=\"container\">\n\t\t\t\t\t<div class=\"e-con-inner\">\n\t\t<div class=\"elementor-element elementor-element-3f4c374 e-flex e-con-boxed e-con e-child\" data-id=\"3f4c374\" data-element_type=\"container\">\n\t\t\t\t\t<div class=\"e-con-inner\">\n\t\t\t\t<div class=\"elementor-element elementor-element-0a0d905 elementor-widget elementor-widget-image\" data-id=\"0a0d905\" data-element_type=\"widget\" data-widget_type=\"image.default\">\n\t\t\t\t<div class=\"elementor-widget-container\">\n\t\t\t\t\t\t\t\t\t\t\t\t\t\t\t\t<a href=\"https:\/\/donation2charity.com\/newspanish\/wp-content\/uploads\/2023\/08\/South-Dakota-COT-Front-Sample.jpg\" data-elementor-open-lightbox=\"yes\" data-elementor-lightbox-title=\"South-Dakota-COT-Front-Sample\" data-e-action-hash=\"#elementor-action%3Aaction%3Dlightbox%26settings%3DeyJpZCI6MTU1MywidXJsIjoiaHR0cHM6XC9cL3RvcGNhc2g0anVua2NhcnMuY29tXC9zcGFuaXNoXC93cC1jb250ZW50XC91cGxvYWRzXC8yMDIzXC8wOFwvU291dGgtRGFrb3RhLUNPVC1Gcm9udC1TYW1wbGUuanBnIn0%3D\" target=\"_blank\" rel=\"noopener\">\n\t\t\t\t\t\t\t<img fetchpriority=\"high\" decoding=\"async\" width=\"645\" height=\"800\" src=\"https:\/\/topcash4junkcars.com\/spanish\/wp-content\/uploads\/2023\/08\/South-Dakota-COT-Front-Sample.jpg\" class=\"attachment-large size-large wp-image-1553\" alt=\"COT South Dakota\" srcset=\"https:\/\/topcash4junkcars.com\/spanish\/wp-content\/uploads\/2023\/08\/South-Dakota-COT-Front-Sample.jpg 645w, https:\/\/topcash4junkcars.com\/spanish\/wp-content\/uploads\/2023\/08\/South-Dakota-COT-Front-Sample-242x300.jpg 242w\" sizes=\"(max-width: 645px) 100vw, 645px\" \/>\t\t\t\t\t\t\t\t<\/a>\n\t\t\t\t\t\t\t\t\t\t\t\t\t\t\t<\/div>\n\t\t\t\t<\/div>\n\t\t\t\t\t<\/div>\n\t\t\t\t<\/div>\n\t\t<div class=\"elementor-element elementor-element-c832abf e-flex e-con-boxed e-con e-child\" data-id=\"c832abf\" data-element_type=\"container\">\n\t\t\t\t\t<div class=\"e-con-inner\">\n\t\t\t\t<div class=\"elementor-element elementor-element-b60d38e elementor-widget elementor-widget-image\" data-id=\"b60d38e\" data-element_type=\"widget\" data-widget_type=\"image.default\">\n\t\t\t\t<div class=\"elementor-widget-container\">\n\t\t\t\t\t\t\t\t\t\t\t\t\t\t\t\t<a href=\"https:\/\/donation2charity.com\/newspanish\/wp-content\/uploads\/2023\/08\/South-Dakota-COT-Back-Sample.jpg\" data-elementor-open-lightbox=\"yes\" data-elementor-lightbox-title=\"South-Dakota-COT-Back-Sample\" data-e-action-hash=\"#elementor-action%3Aaction%3Dlightbox%26settings%3DeyJpZCI6MTU1NCwidXJsIjoiaHR0cHM6XC9cL3RvcGNhc2g0anVua2NhcnMuY29tXC9zcGFuaXNoXC93cC1jb250ZW50XC91cGxvYWRzXC8yMDIzXC8wOFwvU291dGgtRGFrb3RhLUNPVC1CYWNrLVNhbXBsZS5qcGcifQ%3D%3D\" target=\"_blank\" rel=\"noopener\">\n\t\t\t\t\t\t\t<img decoding=\"async\" width=\"642\" height=\"800\" src=\"https:\/\/topcash4junkcars.com\/spanish\/wp-content\/uploads\/2023\/08\/South-Dakota-COT-Back-Sample.jpg\" class=\"attachment-large size-large wp-image-1554\" alt=\"COT South Dakota\" srcset=\"https:\/\/topcash4junkcars.com\/spanish\/wp-content\/uploads\/2023\/08\/South-Dakota-COT-Back-Sample.jpg 642w, https:\/\/topcash4junkcars.com\/spanish\/wp-content\/uploads\/2023\/08\/South-Dakota-COT-Back-Sample-241x300.jpg 241w\" sizes=\"(max-width: 642px) 100vw, 642px\" \/>\t\t\t\t\t\t\t\t<\/a>\n\t\t\t\t\t\t\t\t\t\t\t\t\t\t\t<\/div>\n\t\t\t\t<\/div>\n\t\t\t\t\t<\/div>\n\t\t\t\t<\/div>\n\t\t\t\t\t<\/div>\n\t\t\t\t<\/div>\n\t\t\t\t<div class=\"elementor-element elementor-element-eda6772 elementor-widget-divider--view-line elementor-widget elementor-widget-divider\" data-id=\"eda6772\" data-element_type=\"widget\" data-widget_type=\"divider.default\">\n\t\t\t\t<div class=\"elementor-widget-container\">\n\t\t\t\t\t\t\t<div class=\"elementor-divider\">\n\t\t\t<span class=\"elementor-divider-separator\">\n\t\t\t\t\t\t<\/span>\n\t\t<\/div>\n\t\t\t\t\t\t<\/div>\n\t\t\t\t<\/div>\n\t\t\t\t<div class=\"elementor-element elementor-element-bf825dc elementor-widget elementor-widget-heading\" data-id=\"bf825dc\" data-element_type=\"widget\" data-widget_type=\"heading.default\">\n\t\t\t\t<div class=\"elementor-widget-container\">\n\t\t\t\t\t<h2 class=\"elementor-heading-title elementor-size-default\"><a href=\"https:\/\/www.visittheusa.mx\/state\/south-dakota\" target=\"_blank\" rel=\"noopener\">Descubrir South Dakota<\/a><\/h2>\t\t\t\t<\/div>\n\t\t\t\t<\/div>\n\t\t\t\t<div class=\"elementor-element elementor-element-40eb582 elementor-widget elementor-widget-image\" data-id=\"40eb582\" data-element_type=\"widget\" data-widget_type=\"image.default\">\n\t\t\t\t<div class=\"elementor-widget-container\">\n\t\t\t\t\t\t\t\t\t\t\t\t\t\t\t\t<a href=\"https:\/\/www.visittheusa.mx\/state\/south-dakota\" target=\"_blank\" rel=\"noopener\">\n\t\t\t\t\t\t\t<img decoding=\"async\" width=\"218\" height=\"250\" src=\"https:\/\/topcash4junkcars.com\/spanish\/wp-content\/uploads\/2023\/08\/Discover-South-Dakota.jpg\" class=\"attachment-large size-large wp-image-1548\" alt=\"Discover South Dakota\" \/>\t\t\t\t\t\t\t\t<\/a>\n\t\t\t\t\t\t\t\t\t\t\t\t\t\t\t<\/div>\n\t\t\t\t<\/div>\n\t\t\t\t<div class=\"elementor-element elementor-element-7f93a70 elementor-widget elementor-widget-text-editor\" data-id=\"7f93a70\" data-element_type=\"widget\" data-widget_type=\"text-editor.default\">\n\t\t\t\t<div class=\"elementor-widget-container\">\n\t\t\t\t\t\t\t\t\t<p>Prep\u00e1rate para sorprenderte con la historia viva y las maravillas naturales que conforman el oeste del estado estadounidense de Dakota del Sur. Marav\u00edllate con los ic\u00f3nicos rostros de piedra de 18\u00a0metros del Mount Rushmore. Obt\u00e9n una oportunidad \u00fanica de ver la creaci\u00f3n en acci\u00f3n en el Crazy Horse Memorial. Descubre la vida silvestre y las formaciones rocosas del Custer State Park y recorre la pradera abierta del este de Dakota del Sur. Admira los paisajes sobrenaturales del Badlands National Park. Desde los primeros residentes nativos estadounidenses de la zona hasta el Viejo Oeste y m\u00e1s all\u00e1, Dakota del Sur est\u00e1 vivo y listo para que lo disfruten.<\/p><p>\u00a0<\/p>\t\t\t\t\t\t\t\t<\/div>\n\t\t\t\t<\/div>\n\t\t\t\t<div class=\"elementor-element elementor-element-acbcf32 elementor-widget-divider--view-line elementor-widget elementor-widget-divider\" data-id=\"acbcf32\" data-element_type=\"widget\" data-widget_type=\"divider.default\">\n\t\t\t\t<div class=\"elementor-widget-container\">\n\t\t\t\t\t\t\t<div class=\"elementor-divider\">\n\t\t\t<span class=\"elementor-divider-separator\">\n\t\t\t\t\t\t<\/span>\n\t\t<\/div>\n\t\t\t\t\t\t<\/div>\n\t\t\t\t<\/div>\n\t\t\t\t<div class=\"elementor-element elementor-element-01d88ba elementor-widget elementor-widget-heading\" data-id=\"01d88ba\" data-element_type=\"widget\" data-widget_type=\"heading.default\">\n\t\t\t\t<div class=\"elementor-widget-container\">\n\t\t\t\t\t<h3 class=\"elementor-heading-title elementor-size-default\">Enlaces \u00fatiles<\/h3>\t\t\t\t<\/div>\n\t\t\t\t<\/div>\n\t\t\t\t<div class=\"elementor-element elementor-element-c05d96d elementor-widget elementor-widget-image\" data-id=\"c05d96d\" data-element_type=\"widget\" data-widget_type=\"image.default\">\n\t\t\t\t<div class=\"elementor-widget-container\">\n\t\t\t\t\t\t\t\t\t\t\t\t\t\t\t\t<a href=\"https:\/\/dot.sd.gov\/\" target=\"_blank\" rel=\"noopener\">\n\t\t\t\t\t\t\t<img loading=\"lazy\" decoding=\"async\" width=\"600\" height=\"222\" src=\"https:\/\/topcash4junkcars.com\/spanish\/wp-content\/uploads\/2023\/08\/South_Dakota-DOT.jpg\" class=\"attachment-large size-large wp-image-1559\" alt=\"DOT South Dakota\" srcset=\"https:\/\/topcash4junkcars.com\/spanish\/wp-content\/uploads\/2023\/08\/South_Dakota-DOT.jpg 600w, https:\/\/topcash4junkcars.com\/spanish\/wp-content\/uploads\/2023\/08\/South_Dakota-DOT-300x111.jpg 300w\" sizes=\"(max-width: 600px) 100vw, 600px\" \/>\t\t\t\t\t\t\t\t<\/a>\n\t\t\t\t\t\t\t\t\t\t\t\t\t\t\t<\/div>\n\t\t\t\t<\/div>\n\t\t\t\t<div class=\"elementor-element elementor-element-a6a462c elementor-widget elementor-widget-image\" data-id=\"a6a462c\" data-element_type=\"widget\" data-widget_type=\"image.default\">\n\t\t\t\t<div class=\"elementor-widget-container\">\n\t\t\t\t\t\t\t\t\t\t\t\t\t\t\t\t<a href=\"https:\/\/sdsos.gov\/\" target=\"_blank\" rel=\"noopener\">\n\t\t\t\t\t\t\t<img loading=\"lazy\" decoding=\"async\" width=\"400\" height=\"111\" src=\"https:\/\/topcash4junkcars.com\/spanish\/wp-content\/uploads\/2023\/08\/South_Dakota-Sec-of-State.jpg\" class=\"attachment-large size-large wp-image-1551\" alt=\"SOS South Dakota\" srcset=\"https:\/\/topcash4junkcars.com\/spanish\/wp-content\/uploads\/2023\/08\/South_Dakota-Sec-of-State.jpg 400w, https:\/\/topcash4junkcars.com\/spanish\/wp-content\/uploads\/2023\/08\/South_Dakota-Sec-of-State-300x83.jpg 300w\" sizes=\"(max-width: 400px) 100vw, 400px\" \/>\t\t\t\t\t\t\t\t<\/a>\n\t\t\t\t\t\t\t\t\t\t\t\t\t\t\t<\/div>\n\t\t\t\t<\/div>\n\t\t\t\t<div class=\"elementor-element elementor-element-115fbce elementor-widget elementor-widget-image\" data-id=\"115fbce\" data-element_type=\"widget\" data-widget_type=\"image.default\">\n\t\t\t\t<div class=\"elementor-widget-container\">\n\t\t\t\t\t\t\t\t\t\t\t\t\t\t\t\t<a href=\"https:\/\/dps.sd.gov\/\" target=\"_blank\" rel=\"noopener\">\n\t\t\t\t\t\t\t<img loading=\"lazy\" decoding=\"async\" width=\"340\" height=\"222\" src=\"https:\/\/topcash4junkcars.com\/spanish\/wp-content\/uploads\/2023\/08\/South_Dakota-DMV.jpg\" class=\"attachment-large size-large wp-image-1549\" alt=\"DMV South Dakota\" srcset=\"https:\/\/topcash4junkcars.com\/spanish\/wp-content\/uploads\/2023\/08\/South_Dakota-DMV.jpg 340w, https:\/\/topcash4junkcars.com\/spanish\/wp-content\/uploads\/2023\/08\/South_Dakota-DMV-300x196.jpg 300w\" sizes=\"(max-width: 340px) 100vw, 340px\" \/>\t\t\t\t\t\t\t\t<\/a>\n\t\t\t\t\t\t\t\t\t\t\t\t\t\t\t<\/div>\n\t\t\t\t<\/div>\n\t\t\t\t<div class=\"elementor-element elementor-element-f09ba08 elementor-widget elementor-widget-html\" data-id=\"f09ba08\" data-element_type=\"widget\" data-widget_type=\"html.default\">\n\t\t\t\t<div class=\"elementor-widget-container\">\n\t\t\t\t\t<script>\r\nvar $ = jQuery\r\n$(document).ready(function(){\r\n    \r\n$('.elementor-section[link], .elementor-column[link] > .elementor-widget-wrap, .e-con[link], .e-container[link]').on('click', function(){\r\n    \r\n    var $this = $(this).hasClass('elementor-widget-wrap') ? $(this).parent() : $(this),\r\n    link = $this.attr('link'),\r\n    newtab = $this.attr('newtab'),\r\n    openIn = typeof newtab !== 'undefined' && newtab !== false ? '_blank' : '_self'\r\n    \r\n    window.open(link, openIn)\r\n})\r\n})\r\n<\/script>\r\n<style>\r\n.elementor-section[link], .elementor-column[link] > .elementor-widget-wrap, .e-con[link], .e-container[link] {\r\n    cursor: pointer;\r\n}\r\n<\/style>\t\t\t\t<\/div>\n\t\t\t\t<\/div>\n\t\t\t\t<\/div>\n\t\t\t\t\t<\/div>\n\t\t\t\t<\/div>\n\t\t\t\t<\/div>\n\t\t","protected":false},"excerpt":{"rendered":"<p>The Palmetto State Vender un veh\u00edculo en South Dakota (SD) Vender un veh\u00edculo en South Dakota es f\u00e1cil. Top Cash 4 Junk Cars puede guiarle a trav\u00e9s de todo el proceso, paso a paso. Click Image to Enlarge Descubrir South Dakota Prep\u00e1rate para sorprenderte con la historia viva y las maravillas naturales que conforman el [&hellip;]<\/p>\n","protected":false},"author":1,"featured_media":0,"parent":17,"menu_order":0,"comment_status":"closed","ping_status":"closed","template":"","meta":{"_monsterinsights_skip_tracking":false,"_monsterinsights_sitenote_active":false,"_monsterinsights_sitenote_note":"","_monsterinsights_sitenote_category":0,"footnotes":""},"class_list":["post-888","page","type-page","status-publish","hentry"],"_links":{"self":[{"href":"https:\/\/topcash4junkcars.com\/spanish\/wp-json\/wp\/v2\/pages\/888","targetHints":{"allow":["GET"]}}],"collection":[{"href":"https:\/\/topcash4junkcars.com\/spanish\/wp-json\/wp\/v2\/pages"}],"about":[{"href":"https:\/\/topcash4junkcars.com\/spanish\/wp-json\/wp\/v2\/types\/page"}],"author":[{"embeddable":true,"href":"https:\/\/topcash4junkcars.com\/spanish\/wp-json\/wp\/v2\/users\/1"}],"replies":[{"embeddable":true,"href":"https:\/\/topcash4junkcars.com\/spanish\/wp-json\/wp\/v2\/comments?post=888"}],"version-history":[{"count":3,"href":"https:\/\/topcash4junkcars.com\/spanish\/wp-json\/wp\/v2\/pages\/888\/revisions"}],"predecessor-version":[{"id":2651,"href":"https:\/\/topcash4junkcars.com\/spanish\/wp-json\/wp\/v2\/pages\/888\/revisions\/2651"}],"up":[{"embeddable":true,"href":"https:\/\/topcash4junkcars.com\/spanish\/wp-json\/wp\/v2\/pages\/17"}],"wp:attachment":[{"href":"https:\/\/topcash4junkcars.com\/spanish\/wp-json\/wp\/v2\/media?parent=888"}],"curies":[{"name":"wp","href":"https:\/\/api.w.org\/{rel}","templated":true}]}}