{"id":878,"date":"2023-08-04T13:19:47","date_gmt":"2023-08-04T20:19:47","guid":{"rendered":"https:\/\/donation2charity.com\/newspanish\/?page_id=878"},"modified":"2025-02-18T10:48:32","modified_gmt":"2025-02-18T18:48:32","slug":"oklahoma","status":"publish","type":"page","link":"https:\/\/topcash4junkcars.com\/spanish\/state-titles\/oklahoma\/","title":{"rendered":"Oklahoma"},"content":{"rendered":"\t\t<div data-elementor-type=\"wp-page\" data-elementor-id=\"878\" class=\"elementor elementor-878\" data-elementor-post-type=\"page\">\n\t\t\t\t<div class=\"elementor-element elementor-element-e670881 e-flex e-con-boxed e-con e-parent\" data-id=\"e670881\" data-element_type=\"container\" data-settings=\"{&quot;background_background&quot;:&quot;classic&quot;}\">\n\t\t\t\t\t<div class=\"e-con-inner\">\n\t\t<div class=\"elementor-element elementor-element-cdc3fb5 e-con-full e-flex e-con e-child\" data-id=\"cdc3fb5\" data-element_type=\"container\">\n\t\t\t\t<div class=\"elementor-element elementor-element-2264161 elementor-widget elementor-widget-image\" data-id=\"2264161\" data-element_type=\"widget\" data-widget_type=\"image.default\">\n\t\t\t\t<div class=\"elementor-widget-container\">\n\t\t\t\t\t\t\t\t\t\t\t\t\t\t\t<img decoding=\"async\" src=\"https:\/\/donation2charity.com\/spanish\/wp-content\/uploads\/2024\/11\/Oklahoma-Flag.jpg\" title=\"\" alt=\"Flag of Oklahoma\" loading=\"lazy\" \/>\t\t\t\t\t\t\t\t\t\t\t\t\t\t\t<\/div>\n\t\t\t\t<\/div>\n\t\t\t\t<div class=\"elementor-element elementor-element-2b7d178 elementor-widget elementor-widget-heading\" data-id=\"2b7d178\" data-element_type=\"widget\" data-widget_type=\"heading.default\">\n\t\t\t\t<div class=\"elementor-widget-container\">\n\t\t\t\t\t<h2 class=\"elementor-heading-title elementor-size-default\">The Sooner State<\/h2>\t\t\t\t<\/div>\n\t\t\t\t<\/div>\n\t\t\t\t<\/div>\n\t\t<div class=\"elementor-element elementor-element-a38b1d5 e-con-full e-flex e-con e-child\" data-id=\"a38b1d5\" data-element_type=\"container\" link=\"https:\/\/www.visittheusa.mx\/state\/oklahoma\" newtab=\"_blank\">\n\t\t\t\t<div class=\"elementor-element elementor-element-5ee49ba elementor-flip-box--effect-fade elementor-widget elementor-widget-flip-box\" data-id=\"5ee49ba\" data-element_type=\"widget\" data-widget_type=\"flip-box.default\">\n\t\t\t\t<div class=\"elementor-widget-container\">\n\t\t\t\t\t\t\t<div class=\"elementor-flip-box\" tabindex=\"0\">\n\t\t\t<div class=\"elementor-flip-box__layer elementor-flip-box__front\">\n\t\t\t\t<div class=\"elementor-flip-box__layer__overlay\">\n\t\t\t\t\t<div class=\"elementor-flip-box__layer__inner\">\n\t\t\t\t\t\t\t\t\t\t\t\t\t<div class=\"elementor-icon-wrapper elementor-view-default\">\n\t\t\t\t\t\t\t\t<div class=\"elementor-icon\">\n\t\t\t\t\t\t\t\t\t\t\t\t\t\t\t\t\t<\/div>\n\t\t\t\t\t\t\t<\/div>\n\t\t\t\t\t\t\n\t\t\t\t\t\t\n\t\t\t\t\t\t\t\t\t\t\t<\/div>\n\t\t\t\t<\/div>\n\t\t\t<\/div>\n\t\t\t<div class=\"elementor-flip-box__layer elementor-flip-box__back\">\n\t\t\t<div class=\"elementor-flip-box__layer__overlay\">\n\t\t\t\t<div class=\"elementor-flip-box__layer__inner\">\n\t\t\t\t\t\n\t\t\t\t\t\n\t\t\t\t\t\t\t\t<\/div>\n\t\t<\/div>\n\t\t<\/div>\n\t\t<\/div>\n\t\t\t\t\t\t<\/div>\n\t\t\t\t<\/div>\n\t\t\t\t<\/div>\n\t\t\t\t\t<\/div>\n\t\t\t\t<\/div>\n\t\t<div class=\"elementor-element elementor-element-05f5835 e-flex e-con-boxed e-con e-parent\" data-id=\"05f5835\" data-element_type=\"container\">\n\t\t\t\t\t<div class=\"e-con-inner\">\n\t\t<div class=\"elementor-element elementor-element-4515b16 e-con-full e-flex e-con e-child\" data-id=\"4515b16\" data-element_type=\"container\">\n\t\t\t\t<div class=\"elementor-element elementor-element-12f736a elementor-widget elementor-widget-heading\" data-id=\"12f736a\" data-element_type=\"widget\" data-widget_type=\"heading.default\">\n\t\t\t\t<div class=\"elementor-widget-container\">\n\t\t\t\t\t<h1 class=\"elementor-heading-title elementor-size-default\">Vender un veh\u00edculo en Oklahoma (OK)\n<\/h1>\t\t\t\t<\/div>\n\t\t\t\t<\/div>\n\t\t\t\t<div class=\"elementor-element elementor-element-371d9ac elementor-widget elementor-widget-text-editor\" data-id=\"371d9ac\" data-element_type=\"widget\" data-widget_type=\"text-editor.default\">\n\t\t\t\t<div class=\"elementor-widget-container\">\n\t\t\t\t\t\t\t\t\t<p>Vender un veh\u00edculo en Oklahoma es f\u00e1cil. Top Cash 4 Junk Cars puede guiarle a trav\u00e9s de todo el proceso, paso a paso.<\/p>\t\t\t\t\t\t\t\t<\/div>\n\t\t\t\t<\/div>\n\t\t\t\t<div class=\"elementor-element elementor-element-6979389 elementor-widget elementor-widget-text-editor\" data-id=\"6979389\" data-element_type=\"widget\" data-widget_type=\"text-editor.default\">\n\t\t\t\t<div class=\"elementor-widget-container\">\n\t\t\t\t\t\t\t\t\t<p>Click Image to Enlarge<\/p>\t\t\t\t\t\t\t\t<\/div>\n\t\t\t\t<\/div>\n\t\t<div class=\"elementor-element elementor-element-0bfa86a e-flex e-con-boxed e-con e-child\" data-id=\"0bfa86a\" data-element_type=\"container\">\n\t\t\t\t\t<div class=\"e-con-inner\">\n\t\t<div class=\"elementor-element elementor-element-7b284e3 e-flex e-con-boxed e-con e-child\" data-id=\"7b284e3\" data-element_type=\"container\">\n\t\t\t\t\t<div class=\"e-con-inner\">\n\t\t\t\t<div class=\"elementor-element elementor-element-53f1484 elementor-widget elementor-widget-image\" data-id=\"53f1484\" data-element_type=\"widget\" data-widget_type=\"image.default\">\n\t\t\t\t<div class=\"elementor-widget-container\">\n\t\t\t\t\t\t\t\t\t\t\t\t\t\t\t\t<a href=\"https:\/\/donation2charity.com\/newspanish\/wp-content\/uploads\/2023\/08\/Oklahoma-COT-Front-Sample.jpg\" data-elementor-open-lightbox=\"yes\" data-elementor-lightbox-title=\"Oklahoma-COT-Front-Sample\" data-e-action-hash=\"#elementor-action%3Aaction%3Dlightbox%26settings%3DeyJpZCI6MTQ5MSwidXJsIjoiaHR0cHM6XC9cL3RvcGNhc2g0anVua2NhcnMuY29tXC9zcGFuaXNoXC93cC1jb250ZW50XC91cGxvYWRzXC8yMDIzXC8wOFwvT2tsYWhvbWEtQ09ULUZyb250LVNhbXBsZS5qcGcifQ%3D%3D\" target=\"_blank\" rel=\"noopener\">\n\t\t\t\t\t\t\t<img fetchpriority=\"high\" decoding=\"async\" width=\"590\" height=\"800\" src=\"https:\/\/topcash4junkcars.com\/spanish\/wp-content\/uploads\/2023\/08\/Oklahoma-COT-Front-Sample.jpg\" class=\"attachment-large size-large wp-image-1491\" alt=\"COT Oklahoma\" srcset=\"https:\/\/topcash4junkcars.com\/spanish\/wp-content\/uploads\/2023\/08\/Oklahoma-COT-Front-Sample.jpg 590w, https:\/\/topcash4junkcars.com\/spanish\/wp-content\/uploads\/2023\/08\/Oklahoma-COT-Front-Sample-221x300.jpg 221w\" sizes=\"(max-width: 590px) 100vw, 590px\" \/>\t\t\t\t\t\t\t\t<\/a>\n\t\t\t\t\t\t\t\t\t\t\t\t\t\t\t<\/div>\n\t\t\t\t<\/div>\n\t\t\t\t\t<\/div>\n\t\t\t\t<\/div>\n\t\t<div class=\"elementor-element elementor-element-f34ec1b e-flex e-con-boxed e-con e-child\" data-id=\"f34ec1b\" data-element_type=\"container\">\n\t\t\t\t\t<div class=\"e-con-inner\">\n\t\t\t\t<div class=\"elementor-element elementor-element-b1f94e2 elementor-widget elementor-widget-image\" data-id=\"b1f94e2\" data-element_type=\"widget\" data-widget_type=\"image.default\">\n\t\t\t\t<div class=\"elementor-widget-container\">\n\t\t\t\t\t\t\t\t\t\t\t\t\t\t\t\t<a href=\"https:\/\/donation2charity.com\/newspanish\/wp-content\/uploads\/2023\/08\/Oklahoma-COT-Back-Sample.jpg\" data-elementor-open-lightbox=\"yes\" data-elementor-lightbox-title=\"Oklahoma-COT-Back-Sample\" data-e-action-hash=\"#elementor-action%3Aaction%3Dlightbox%26settings%3DeyJpZCI6MTQ5MiwidXJsIjoiaHR0cHM6XC9cL3RvcGNhc2g0anVua2NhcnMuY29tXC9zcGFuaXNoXC93cC1jb250ZW50XC91cGxvYWRzXC8yMDIzXC8wOFwvT2tsYWhvbWEtQ09ULUJhY2stU2FtcGxlLmpwZyJ9\" target=\"_blank\" rel=\"noopener\">\n\t\t\t\t\t\t\t<img decoding=\"async\" width=\"486\" height=\"800\" src=\"https:\/\/topcash4junkcars.com\/spanish\/wp-content\/uploads\/2023\/08\/Oklahoma-COT-Back-Sample.jpg\" class=\"attachment-large size-large wp-image-1492\" alt=\"COT Oklahoma\" srcset=\"https:\/\/topcash4junkcars.com\/spanish\/wp-content\/uploads\/2023\/08\/Oklahoma-COT-Back-Sample.jpg 486w, https:\/\/topcash4junkcars.com\/spanish\/wp-content\/uploads\/2023\/08\/Oklahoma-COT-Back-Sample-182x300.jpg 182w\" sizes=\"(max-width: 486px) 100vw, 486px\" \/>\t\t\t\t\t\t\t\t<\/a>\n\t\t\t\t\t\t\t\t\t\t\t\t\t\t\t<\/div>\n\t\t\t\t<\/div>\n\t\t\t\t\t<\/div>\n\t\t\t\t<\/div>\n\t\t\t\t\t<\/div>\n\t\t\t\t<\/div>\n\t\t\t\t<div class=\"elementor-element elementor-element-95a7bba elementor-widget-divider--view-line elementor-widget elementor-widget-divider\" data-id=\"95a7bba\" data-element_type=\"widget\" data-widget_type=\"divider.default\">\n\t\t\t\t<div class=\"elementor-widget-container\">\n\t\t\t\t\t\t\t<div class=\"elementor-divider\">\n\t\t\t<span class=\"elementor-divider-separator\">\n\t\t\t\t\t\t<\/span>\n\t\t<\/div>\n\t\t\t\t\t\t<\/div>\n\t\t\t\t<\/div>\n\t\t\t\t<div class=\"elementor-element elementor-element-f57af3a elementor-widget elementor-widget-heading\" data-id=\"f57af3a\" data-element_type=\"widget\" data-widget_type=\"heading.default\">\n\t\t\t\t<div class=\"elementor-widget-container\">\n\t\t\t\t\t<h2 class=\"elementor-heading-title elementor-size-default\"><a href=\"https:\/\/www.visittheusa.mx\/state\/oklahoma\" target=\"_blank\" rel=\"noopener\">Descubrir Oklahoma<\/a><\/h2>\t\t\t\t<\/div>\n\t\t\t\t<\/div>\n\t\t\t\t<div class=\"elementor-element elementor-element-3004f0a elementor-widget elementor-widget-image\" data-id=\"3004f0a\" data-element_type=\"widget\" data-widget_type=\"image.default\">\n\t\t\t\t<div class=\"elementor-widget-container\">\n\t\t\t\t\t\t\t\t\t\t\t\t\t\t\t\t<a href=\"https:\/\/www.visittheusa.mx\/state\/oklahoma\" target=\"_blank\" rel=\"noopener\">\n\t\t\t\t\t\t\t<img decoding=\"async\" width=\"187\" height=\"250\" src=\"https:\/\/topcash4junkcars.com\/spanish\/wp-content\/uploads\/2023\/08\/Discover-Oklahoma.jpg\" class=\"attachment-large size-large wp-image-1486\" alt=\"Discover Oklahoma\" \/>\t\t\t\t\t\t\t\t<\/a>\n\t\t\t\t\t\t\t\t\t\t\t\t\t\t\t<\/div>\n\t\t\t\t<\/div>\n\t\t\t\t<div class=\"elementor-element elementor-element-6338cf4 elementor-widget elementor-widget-text-editor\" data-id=\"6338cf4\" data-element_type=\"widget\" data-widget_type=\"text-editor.default\">\n\t\t\t\t<div class=\"elementor-widget-container\">\n\t\t\t\t\t\t\t\t\t<p>Oklahoma se encuentra en una intersecci\u00f3n \u00fanica, no solo porque se ubica pr\u00e1cticamente en la mitad de Estados Unidos, sino porque adem\u00e1s es una combinaci\u00f3n fascinante de historia occidental, cultura ind\u00edgena estadounidense y encanto sure\u00f1o genuino. Con powwows y rodeos, museos del Oeste y m\u00fasica country, comida casera sure\u00f1a y reliquias de la Route 66, la diversidad cultural de Oklahoma proviene de genuinas ra\u00edces estadounidenses. Adem\u00e1s, est\u00e1 rodeada de paisajes incre\u00edbles, como 33\u00a0parques estatales, monta\u00f1as escarpadas, abundante vida silvestre y famosas llanuras de gran extensi\u00f3n. Las pr\u00f3speras Oklahoma City y Tulsa mezclan la vida urbana con la rural, y los amistosos lugare\u00f1os se asegurar\u00e1n de que la pases excelente mientras exploras el lugar.<\/p><p>\u00a0<\/p>\t\t\t\t\t\t\t\t<\/div>\n\t\t\t\t<\/div>\n\t\t\t\t<div class=\"elementor-element elementor-element-ec5f337 elementor-widget-divider--view-line elementor-widget elementor-widget-divider\" data-id=\"ec5f337\" data-element_type=\"widget\" data-widget_type=\"divider.default\">\n\t\t\t\t<div class=\"elementor-widget-container\">\n\t\t\t\t\t\t\t<div class=\"elementor-divider\">\n\t\t\t<span class=\"elementor-divider-separator\">\n\t\t\t\t\t\t<\/span>\n\t\t<\/div>\n\t\t\t\t\t\t<\/div>\n\t\t\t\t<\/div>\n\t\t\t\t<div class=\"elementor-element elementor-element-c156f89 elementor-widget elementor-widget-heading\" data-id=\"c156f89\" data-element_type=\"widget\" data-widget_type=\"heading.default\">\n\t\t\t\t<div class=\"elementor-widget-container\">\n\t\t\t\t\t<h3 class=\"elementor-heading-title elementor-size-default\">Enlaces \u00fatiles<\/h3>\t\t\t\t<\/div>\n\t\t\t\t<\/div>\n\t\t\t\t<div class=\"elementor-element elementor-element-d5d471f elementor-widget elementor-widget-image\" data-id=\"d5d471f\" data-element_type=\"widget\" data-widget_type=\"image.default\">\n\t\t\t\t<div class=\"elementor-widget-container\">\n\t\t\t\t\t\t\t\t\t\t\t\t\t\t\t\t<a href=\"https:\/\/www.ok.gov\/odot\/\" target=\"_blank\" rel=\"noopener\">\n\t\t\t\t\t\t\t<img loading=\"lazy\" decoding=\"async\" width=\"350\" height=\"222\" src=\"https:\/\/topcash4junkcars.com\/spanish\/wp-content\/uploads\/2023\/08\/Oklahoma-DOT.jpg\" class=\"attachment-large size-large wp-image-1487\" alt=\"DOT Oklahoma\" srcset=\"https:\/\/topcash4junkcars.com\/spanish\/wp-content\/uploads\/2023\/08\/Oklahoma-DOT.jpg 350w, https:\/\/topcash4junkcars.com\/spanish\/wp-content\/uploads\/2023\/08\/Oklahoma-DOT-300x190.jpg 300w\" sizes=\"(max-width: 350px) 100vw, 350px\" \/>\t\t\t\t\t\t\t\t<\/a>\n\t\t\t\t\t\t\t\t\t\t\t\t\t\t\t<\/div>\n\t\t\t\t<\/div>\n\t\t\t\t<div class=\"elementor-element elementor-element-7a65e4d elementor-widget elementor-widget-image\" data-id=\"7a65e4d\" data-element_type=\"widget\" data-widget_type=\"image.default\">\n\t\t\t\t<div class=\"elementor-widget-container\">\n\t\t\t\t\t\t\t\t\t\t\t\t\t\t\t\t<a href=\"https:\/\/www.sos.ok.gov\/\" target=\"_blank\" rel=\"noopener\">\n\t\t\t\t\t\t\t<img loading=\"lazy\" decoding=\"async\" width=\"600\" height=\"222\" src=\"https:\/\/topcash4junkcars.com\/spanish\/wp-content\/uploads\/2023\/08\/Oklahoma-Sec-of-State.jpg\" class=\"attachment-large size-large wp-image-1490\" alt=\"SOS Oklahoma\" srcset=\"https:\/\/topcash4junkcars.com\/spanish\/wp-content\/uploads\/2023\/08\/Oklahoma-Sec-of-State.jpg 600w, https:\/\/topcash4junkcars.com\/spanish\/wp-content\/uploads\/2023\/08\/Oklahoma-Sec-of-State-300x111.jpg 300w\" sizes=\"(max-width: 600px) 100vw, 600px\" \/>\t\t\t\t\t\t\t\t<\/a>\n\t\t\t\t\t\t\t\t\t\t\t\t\t\t\t<\/div>\n\t\t\t\t<\/div>\n\t\t\t\t<div class=\"elementor-element elementor-element-671b0f9 elementor-widget elementor-widget-image\" data-id=\"671b0f9\" data-element_type=\"widget\" data-widget_type=\"image.default\">\n\t\t\t\t<div class=\"elementor-widget-container\">\n\t\t\t\t\t\t\t\t\t\t\t\t\t\t\t\t<a href=\"https:\/\/www.ok.gov\/dps\/\" target=\"_blank\" rel=\"noopener\">\n\t\t\t\t\t\t\t<img loading=\"lazy\" decoding=\"async\" width=\"244\" height=\"222\" src=\"https:\/\/topcash4junkcars.com\/spanish\/wp-content\/uploads\/2023\/08\/Oklahoma-DPS.jpg\" class=\"attachment-large size-large wp-image-1488\" alt=\"DPS Oklahoma\" \/>\t\t\t\t\t\t\t\t<\/a>\n\t\t\t\t\t\t\t\t\t\t\t\t\t\t\t<\/div>\n\t\t\t\t<\/div>\n\t\t\t\t<div class=\"elementor-element elementor-element-0b2d942 elementor-widget elementor-widget-html\" data-id=\"0b2d942\" data-element_type=\"widget\" data-widget_type=\"html.default\">\n\t\t\t\t<div class=\"elementor-widget-container\">\n\t\t\t\t\t<script>\r\nvar $ = jQuery\r\n$(document).ready(function(){\r\n    \r\n$('.elementor-section[link], .elementor-column[link] > .elementor-widget-wrap, .e-con[link], .e-container[link]').on('click', function(){\r\n    \r\n    var $this = $(this).hasClass('elementor-widget-wrap') ? $(this).parent() : $(this),\r\n    link = $this.attr('link'),\r\n    newtab = $this.attr('newtab'),\r\n    openIn = typeof newtab !== 'undefined' && newtab !== false ? '_blank' : '_self'\r\n    \r\n    window.open(link, openIn)\r\n})\r\n})\r\n<\/script>\r\n<style>\r\n.elementor-section[link], .elementor-column[link] > .elementor-widget-wrap, .e-con[link], .e-container[link] {\r\n    cursor: pointer;\r\n}\r\n<\/style>\t\t\t\t<\/div>\n\t\t\t\t<\/div>\n\t\t\t\t<\/div>\n\t\t\t\t\t<\/div>\n\t\t\t\t<\/div>\n\t\t\t\t<\/div>\n\t\t","protected":false},"excerpt":{"rendered":"<p>The Sooner State Vender un veh\u00edculo en Oklahoma (OK) Vender un veh\u00edculo en Oklahoma es f\u00e1cil. Top Cash 4 Junk Cars puede guiarle a trav\u00e9s de todo el proceso, paso a paso. Click Image to Enlarge Descubrir Oklahoma Oklahoma se encuentra en una intersecci\u00f3n \u00fanica, no solo porque se ubica pr\u00e1cticamente en la mitad de [&hellip;]<\/p>\n","protected":false},"author":1,"featured_media":0,"parent":17,"menu_order":0,"comment_status":"closed","ping_status":"closed","template":"","meta":{"_monsterinsights_skip_tracking":false,"_monsterinsights_sitenote_active":false,"_monsterinsights_sitenote_note":"","_monsterinsights_sitenote_category":0,"footnotes":""},"class_list":["post-878","page","type-page","status-publish","hentry"],"_links":{"self":[{"href":"https:\/\/topcash4junkcars.com\/spanish\/wp-json\/wp\/v2\/pages\/878","targetHints":{"allow":["GET"]}}],"collection":[{"href":"https:\/\/topcash4junkcars.com\/spanish\/wp-json\/wp\/v2\/pages"}],"about":[{"href":"https:\/\/topcash4junkcars.com\/spanish\/wp-json\/wp\/v2\/types\/page"}],"author":[{"embeddable":true,"href":"https:\/\/topcash4junkcars.com\/spanish\/wp-json\/wp\/v2\/users\/1"}],"replies":[{"embeddable":true,"href":"https:\/\/topcash4junkcars.com\/spanish\/wp-json\/wp\/v2\/comments?post=878"}],"version-history":[{"count":3,"href":"https:\/\/topcash4junkcars.com\/spanish\/wp-json\/wp\/v2\/pages\/878\/revisions"}],"predecessor-version":[{"id":2636,"href":"https:\/\/topcash4junkcars.com\/spanish\/wp-json\/wp\/v2\/pages\/878\/revisions\/2636"}],"up":[{"embeddable":true,"href":"https:\/\/topcash4junkcars.com\/spanish\/wp-json\/wp\/v2\/pages\/17"}],"wp:attachment":[{"href":"https:\/\/topcash4junkcars.com\/spanish\/wp-json\/wp\/v2\/media?parent=878"}],"curies":[{"name":"wp","href":"https:\/\/api.w.org\/{rel}","templated":true}]}}