{"id":848,"date":"2023-08-04T13:14:16","date_gmt":"2023-08-04T20:14:16","guid":{"rendered":"https:\/\/donation2charity.com\/newspanish\/?page_id=848"},"modified":"2025-02-18T10:34:07","modified_gmt":"2025-02-18T18:34:07","slug":"michigan","status":"publish","type":"page","link":"https:\/\/topcash4junkcars.com\/spanish\/state-titles\/michigan\/","title":{"rendered":"Michigan"},"content":{"rendered":"\t\t<div data-elementor-type=\"wp-page\" data-elementor-id=\"848\" class=\"elementor elementor-848\" data-elementor-post-type=\"page\">\n\t\t\t\t<div class=\"elementor-element elementor-element-dca3057 e-flex e-con-boxed e-con e-parent\" data-id=\"dca3057\" data-element_type=\"container\" data-settings=\"{&quot;background_background&quot;:&quot;classic&quot;}\">\n\t\t\t\t\t<div class=\"e-con-inner\">\n\t\t<div class=\"elementor-element elementor-element-bf902c3 e-con-full e-flex e-con e-child\" data-id=\"bf902c3\" data-element_type=\"container\">\n\t\t\t\t<div class=\"elementor-element elementor-element-6c76681 elementor-widget elementor-widget-image\" data-id=\"6c76681\" data-element_type=\"widget\" data-widget_type=\"image.default\">\n\t\t\t\t<div class=\"elementor-widget-container\">\n\t\t\t\t\t\t\t\t\t\t\t\t\t\t\t<img decoding=\"async\" src=\"https:\/\/donation2charity.com\/spanish\/wp-content\/uploads\/2024\/11\/Michigan-Flag.jpg\" title=\"\" alt=\"Flag of Michigan\" loading=\"lazy\" \/>\t\t\t\t\t\t\t\t\t\t\t\t\t\t\t<\/div>\n\t\t\t\t<\/div>\n\t\t\t\t<div class=\"elementor-element elementor-element-be7842d elementor-widget elementor-widget-heading\" data-id=\"be7842d\" data-element_type=\"widget\" data-widget_type=\"heading.default\">\n\t\t\t\t<div class=\"elementor-widget-container\">\n\t\t\t\t\t<h2 class=\"elementor-heading-title elementor-size-default\">The Great Lakes State<\/h2>\t\t\t\t<\/div>\n\t\t\t\t<\/div>\n\t\t\t\t<\/div>\n\t\t<div class=\"elementor-element elementor-element-574b6f0 e-con-full e-flex e-con e-child\" data-id=\"574b6f0\" data-element_type=\"container\" link=\"https:\/\/www.visittheusa.mx\/state\/michigan\" newtab=\"_blank\">\n\t\t\t\t<div class=\"elementor-element elementor-element-f6ee603 elementor-flip-box--effect-fade elementor-widget elementor-widget-flip-box\" data-id=\"f6ee603\" data-element_type=\"widget\" data-widget_type=\"flip-box.default\">\n\t\t\t\t<div class=\"elementor-widget-container\">\n\t\t\t\t\t\t\t<div class=\"elementor-flip-box\" tabindex=\"0\">\n\t\t\t<div class=\"elementor-flip-box__layer elementor-flip-box__front\">\n\t\t\t\t<div class=\"elementor-flip-box__layer__overlay\">\n\t\t\t\t\t<div class=\"elementor-flip-box__layer__inner\">\n\t\t\t\t\t\t\t\t\t\t\t\t\t<div class=\"elementor-icon-wrapper elementor-view-default\">\n\t\t\t\t\t\t\t\t<div class=\"elementor-icon\">\n\t\t\t\t\t\t\t\t\t\t\t\t\t\t\t\t\t<\/div>\n\t\t\t\t\t\t\t<\/div>\n\t\t\t\t\t\t\n\t\t\t\t\t\t\n\t\t\t\t\t\t\t\t\t\t\t<\/div>\n\t\t\t\t<\/div>\n\t\t\t<\/div>\n\t\t\t<div class=\"elementor-flip-box__layer elementor-flip-box__back\">\n\t\t\t<div class=\"elementor-flip-box__layer__overlay\">\n\t\t\t\t<div class=\"elementor-flip-box__layer__inner\">\n\t\t\t\t\t\n\t\t\t\t\t\n\t\t\t\t\t\t\t\t<\/div>\n\t\t<\/div>\n\t\t<\/div>\n\t\t<\/div>\n\t\t\t\t\t\t<\/div>\n\t\t\t\t<\/div>\n\t\t\t\t<\/div>\n\t\t\t\t\t<\/div>\n\t\t\t\t<\/div>\n\t\t<div class=\"elementor-element elementor-element-189ba24 e-flex e-con-boxed e-con e-parent\" data-id=\"189ba24\" data-element_type=\"container\">\n\t\t\t\t\t<div class=\"e-con-inner\">\n\t\t<div class=\"elementor-element elementor-element-9f181e9 e-con-full e-flex e-con e-child\" data-id=\"9f181e9\" data-element_type=\"container\">\n\t\t\t\t<div class=\"elementor-element elementor-element-9837f83 elementor-widget elementor-widget-heading\" data-id=\"9837f83\" data-element_type=\"widget\" data-widget_type=\"heading.default\">\n\t\t\t\t<div class=\"elementor-widget-container\">\n\t\t\t\t\t<h1 class=\"elementor-heading-title elementor-size-default\">Vender un veh\u00edculo en Michigan (MI)<\/h1>\t\t\t\t<\/div>\n\t\t\t\t<\/div>\n\t\t\t\t<div class=\"elementor-element elementor-element-9ee77d3 elementor-widget elementor-widget-text-editor\" data-id=\"9ee77d3\" data-element_type=\"widget\" data-widget_type=\"text-editor.default\">\n\t\t\t\t<div class=\"elementor-widget-container\">\n\t\t\t\t\t\t\t\t\t<p>Vender un veh\u00edculo en Michigan es f\u00e1cil. Top Cash 4 Junk Cars puede guiarle a trav\u00e9s de todo el proceso, paso a paso.<\/p>\t\t\t\t\t\t\t\t<\/div>\n\t\t\t\t<\/div>\n\t\t\t\t<div class=\"elementor-element elementor-element-0171e60 elementor-widget elementor-widget-text-editor\" data-id=\"0171e60\" data-element_type=\"widget\" data-widget_type=\"text-editor.default\">\n\t\t\t\t<div class=\"elementor-widget-container\">\n\t\t\t\t\t\t\t\t\t<p>Click Image to Enlarge<\/p>\t\t\t\t\t\t\t\t<\/div>\n\t\t\t\t<\/div>\n\t\t<div class=\"elementor-element elementor-element-4e31ada e-flex e-con-boxed e-con e-child\" data-id=\"4e31ada\" data-element_type=\"container\">\n\t\t\t\t\t<div class=\"e-con-inner\">\n\t\t<div class=\"elementor-element elementor-element-e010475 e-flex e-con-boxed e-con e-child\" data-id=\"e010475\" data-element_type=\"container\">\n\t\t\t\t\t<div class=\"e-con-inner\">\n\t\t\t\t<div class=\"elementor-element elementor-element-9d04d26 elementor-widget elementor-widget-image\" data-id=\"9d04d26\" data-element_type=\"widget\" data-widget_type=\"image.default\">\n\t\t\t\t<div class=\"elementor-widget-container\">\n\t\t\t\t\t\t\t\t\t\t\t\t\t\t\t\t<a href=\"https:\/\/donation2charity.com\/spanish\/wp-content\/uploads\/2023\/08\/Michigan-COT-Front-Edited.jpg\" data-elementor-open-lightbox=\"yes\" data-elementor-lightbox-title=\"Michigan-COT-Front-Edited\" data-e-action-hash=\"#elementor-action%3Aaction%3Dlightbox%26settings%3DeyJpZCI6MTI2MSwidXJsIjoiaHR0cHM6XC9cL3RvcGNhc2g0anVua2NhcnMuY29tXC9zcGFuaXNoXC93cC1jb250ZW50XC91cGxvYWRzXC8yMDIzXC8wOFwvTWljaGlnYW4tQ09ULUZyb250LUVkaXRlZC5qcGcifQ%3D%3D\" target=\"_blank\" rel=\"noopener\">\n\t\t\t\t\t\t\t<img fetchpriority=\"high\" decoding=\"async\" width=\"641\" height=\"800\" src=\"https:\/\/topcash4junkcars.com\/spanish\/wp-content\/uploads\/2023\/08\/Michigan-COT-Front-Edited.jpg\" class=\"attachment-large size-large wp-image-1261\" alt=\"COT Michigan\" srcset=\"https:\/\/topcash4junkcars.com\/spanish\/wp-content\/uploads\/2023\/08\/Michigan-COT-Front-Edited.jpg 641w, https:\/\/topcash4junkcars.com\/spanish\/wp-content\/uploads\/2023\/08\/Michigan-COT-Front-Edited-240x300.jpg 240w\" sizes=\"(max-width: 641px) 100vw, 641px\" \/>\t\t\t\t\t\t\t\t<\/a>\n\t\t\t\t\t\t\t\t\t\t\t\t\t\t\t<\/div>\n\t\t\t\t<\/div>\n\t\t\t\t\t<\/div>\n\t\t\t\t<\/div>\n\t\t<div class=\"elementor-element elementor-element-699fab3 e-flex e-con-boxed e-con e-child\" data-id=\"699fab3\" data-element_type=\"container\">\n\t\t\t\t\t<div class=\"e-con-inner\">\n\t\t\t\t<div class=\"elementor-element elementor-element-27beeba elementor-widget elementor-widget-image\" data-id=\"27beeba\" data-element_type=\"widget\" data-widget_type=\"image.default\">\n\t\t\t\t<div class=\"elementor-widget-container\">\n\t\t\t\t\t\t\t\t\t\t\t\t\t\t\t\t<a href=\"https:\/\/donation2charity.com\/spanish\/wp-content\/uploads\/2023\/08\/Michigan-COT-Back-Sample.jpg\" data-elementor-open-lightbox=\"yes\" data-elementor-lightbox-title=\"Michigan-COT-Back-Sample\" data-e-action-hash=\"#elementor-action%3Aaction%3Dlightbox%26settings%3DeyJpZCI6MTI2MiwidXJsIjoiaHR0cHM6XC9cL3RvcGNhc2g0anVua2NhcnMuY29tXC9zcGFuaXNoXC93cC1jb250ZW50XC91cGxvYWRzXC8yMDIzXC8wOFwvTWljaGlnYW4tQ09ULUJhY2stU2FtcGxlLmpwZyJ9\" target=\"_blank\" rel=\"noopener\">\n\t\t\t\t\t\t\t<img decoding=\"async\" width=\"614\" height=\"800\" src=\"https:\/\/topcash4junkcars.com\/spanish\/wp-content\/uploads\/2023\/08\/Michigan-COT-Back-Sample.jpg\" class=\"attachment-large size-large wp-image-1262\" alt=\"\" srcset=\"https:\/\/topcash4junkcars.com\/spanish\/wp-content\/uploads\/2023\/08\/Michigan-COT-Back-Sample.jpg 614w, https:\/\/topcash4junkcars.com\/spanish\/wp-content\/uploads\/2023\/08\/Michigan-COT-Back-Sample-230x300.jpg 230w\" sizes=\"(max-width: 614px) 100vw, 614px\" \/>\t\t\t\t\t\t\t\t<\/a>\n\t\t\t\t\t\t\t\t\t\t\t\t\t\t\t<\/div>\n\t\t\t\t<\/div>\n\t\t\t\t\t<\/div>\n\t\t\t\t<\/div>\n\t\t\t\t\t<\/div>\n\t\t\t\t<\/div>\n\t\t\t\t<div class=\"elementor-element elementor-element-8aa0db8 elementor-widget-divider--view-line elementor-widget elementor-widget-divider\" data-id=\"8aa0db8\" data-element_type=\"widget\" data-widget_type=\"divider.default\">\n\t\t\t\t<div class=\"elementor-widget-container\">\n\t\t\t\t\t\t\t<div class=\"elementor-divider\">\n\t\t\t<span class=\"elementor-divider-separator\">\n\t\t\t\t\t\t<\/span>\n\t\t<\/div>\n\t\t\t\t\t\t<\/div>\n\t\t\t\t<\/div>\n\t\t\t\t<div class=\"elementor-element elementor-element-2454e51 elementor-widget elementor-widget-heading\" data-id=\"2454e51\" data-element_type=\"widget\" data-widget_type=\"heading.default\">\n\t\t\t\t<div class=\"elementor-widget-container\">\n\t\t\t\t\t<h2 class=\"elementor-heading-title elementor-size-default\"><a href=\"https:\/\/www.visittheusa.mx\/state\/michigan\" target=\"_blank\" rel=\"noopener\">Descubrir Michigan<\/a><\/h2>\t\t\t\t<\/div>\n\t\t\t\t<\/div>\n\t\t\t\t<div class=\"elementor-element elementor-element-d360f0f elementor-widget elementor-widget-image\" data-id=\"d360f0f\" data-element_type=\"widget\" data-widget_type=\"image.default\">\n\t\t\t\t<div class=\"elementor-widget-container\">\n\t\t\t\t\t\t\t\t\t\t\t\t\t\t\t\t<a href=\"https:\/\/www.visittheusa.mx\/state\/michigan\" target=\"_blank\" rel=\"noopener\">\n\t\t\t\t\t\t\t<img decoding=\"async\" src=\"https:\/\/donation2charity.com\/spanish\/wp-content\/uploads\/2024\/11\/DIscover-Michigan.jpg\" title=\"\" alt=\"DIscover-Michigan\" loading=\"lazy\" \/>\t\t\t\t\t\t\t\t<\/a>\n\t\t\t\t\t\t\t\t\t\t\t\t\t\t\t<\/div>\n\t\t\t\t<\/div>\n\t\t\t\t<div class=\"elementor-element elementor-element-7134bb0 elementor-widget elementor-widget-text-editor\" data-id=\"7134bb0\" data-element_type=\"widget\" data-widget_type=\"text-editor.default\">\n\t\t\t\t<div class=\"elementor-widget-container\">\n\t\t\t\t\t\t\t\t\t<p>Michigan es un lugar donde es f\u00e1cil encontrar y disfrutar los placeres m\u00e1s simples. Playas con arenas que parecen de az\u00facar, bosques que explotan con los colores m\u00e1s vibrantes, pueblos peque\u00f1os que te dan una bienvenida m\u00e1s c\u00e1lida que un d\u00eda de verano y ciudades que agitan la imaginaci\u00f3n. La vida del oeste medio no se siente como algo peque\u00f1o aqu\u00ed, ya que a cada paso, encontrar\u00e1s lagos impresionantes, bosques profundos, y acantilados y dunas sorprendentes. El paisaje se combina con docenas de pueblos ecl\u00e9cticos y una ciudad ic\u00f3nica que tiene la reputaci\u00f3n de hacer los mejores autos y una m\u00fasica a\u00fan mejor.<\/p><p>\u00a0<\/p>\t\t\t\t\t\t\t\t<\/div>\n\t\t\t\t<\/div>\n\t\t\t\t<div class=\"elementor-element elementor-element-735cb1a elementor-widget-divider--view-line elementor-widget elementor-widget-divider\" data-id=\"735cb1a\" data-element_type=\"widget\" data-widget_type=\"divider.default\">\n\t\t\t\t<div class=\"elementor-widget-container\">\n\t\t\t\t\t\t\t<div class=\"elementor-divider\">\n\t\t\t<span class=\"elementor-divider-separator\">\n\t\t\t\t\t\t<\/span>\n\t\t<\/div>\n\t\t\t\t\t\t<\/div>\n\t\t\t\t<\/div>\n\t\t\t\t<div class=\"elementor-element elementor-element-177fc22 elementor-widget elementor-widget-heading\" data-id=\"177fc22\" data-element_type=\"widget\" data-widget_type=\"heading.default\">\n\t\t\t\t<div class=\"elementor-widget-container\">\n\t\t\t\t\t<h3 class=\"elementor-heading-title elementor-size-default\">Enlaces \u00fatiles<\/h3>\t\t\t\t<\/div>\n\t\t\t\t<\/div>\n\t\t\t\t<div class=\"elementor-element elementor-element-67543c0 elementor-widget elementor-widget-image\" data-id=\"67543c0\" data-element_type=\"widget\" data-widget_type=\"image.default\">\n\t\t\t\t<div class=\"elementor-widget-container\">\n\t\t\t\t\t\t\t\t\t\t\t\t\t\t\t\t<a href=\"https:\/\/www.michigan.gov\/mdot\/\" target=\"_blank\" rel=\"noopener\">\n\t\t\t\t\t\t\t<img decoding=\"async\" width=\"600\" height=\"208\" src=\"https:\/\/topcash4junkcars.com\/spanish\/wp-content\/uploads\/2023\/08\/Michigan-DOT.jpg\" class=\"attachment-large size-large wp-image-1256\" alt=\"DOT Michigan\" srcset=\"https:\/\/topcash4junkcars.com\/spanish\/wp-content\/uploads\/2023\/08\/Michigan-DOT.jpg 600w, https:\/\/topcash4junkcars.com\/spanish\/wp-content\/uploads\/2023\/08\/Michigan-DOT-300x104.jpg 300w\" sizes=\"(max-width: 600px) 100vw, 600px\" \/>\t\t\t\t\t\t\t\t<\/a>\n\t\t\t\t\t\t\t\t\t\t\t\t\t\t\t<\/div>\n\t\t\t\t<\/div>\n\t\t\t\t<div class=\"elementor-element elementor-element-a5f13da elementor-widget elementor-widget-image\" data-id=\"a5f13da\" data-element_type=\"widget\" data-widget_type=\"image.default\">\n\t\t\t\t<div class=\"elementor-widget-container\">\n\t\t\t\t\t\t\t\t\t\t\t\t\t\t\t\t<a href=\"https:\/\/www.michigan.gov\/sos\/\" target=\"_blank\" rel=\"noopener\">\n\t\t\t\t\t\t\t<img loading=\"lazy\" decoding=\"async\" width=\"600\" height=\"494\" src=\"https:\/\/topcash4junkcars.com\/spanish\/wp-content\/uploads\/2023\/08\/Maryland-Sec-of-State-1.jpg\" class=\"attachment-large size-large wp-image-1255\" alt=\"SOS Michigan\" srcset=\"https:\/\/topcash4junkcars.com\/spanish\/wp-content\/uploads\/2023\/08\/Maryland-Sec-of-State-1.jpg 600w, https:\/\/topcash4junkcars.com\/spanish\/wp-content\/uploads\/2023\/08\/Maryland-Sec-of-State-1-300x247.jpg 300w\" sizes=\"(max-width: 600px) 100vw, 600px\" \/>\t\t\t\t\t\t\t\t<\/a>\n\t\t\t\t\t\t\t\t\t\t\t\t\t\t\t<\/div>\n\t\t\t\t<\/div>\n\t\t\t\t<div class=\"elementor-element elementor-element-b2b8ad7 elementor-widget elementor-widget-html\" data-id=\"b2b8ad7\" data-element_type=\"widget\" data-widget_type=\"html.default\">\n\t\t\t\t<div class=\"elementor-widget-container\">\n\t\t\t\t\t<script>\r\nvar $ = jQuery\r\n$(document).ready(function(){\r\n    \r\n$('.elementor-section[link], .elementor-column[link] > .elementor-widget-wrap, .e-con[link], .e-container[link]').on('click', function(){\r\n    \r\n    var $this = $(this).hasClass('elementor-widget-wrap') ? $(this).parent() : $(this),\r\n    link = $this.attr('link'),\r\n    newtab = $this.attr('newtab'),\r\n    openIn = typeof newtab !== 'undefined' && newtab !== false ? '_blank' : '_self'\r\n    \r\n    window.open(link, openIn)\r\n})\r\n})\r\n<\/script>\r\n<style>\r\n.elementor-section[link], .elementor-column[link] > .elementor-widget-wrap, .e-con[link], .e-container[link] {\r\n    cursor: pointer;\r\n}\r\n<\/style>\t\t\t\t<\/div>\n\t\t\t\t<\/div>\n\t\t\t\t<\/div>\n\t\t\t\t\t<\/div>\n\t\t\t\t<\/div>\n\t\t\t\t<\/div>\n\t\t","protected":false},"excerpt":{"rendered":"<p>The Great Lakes State Vender un veh\u00edculo en Michigan (MI) Vender un veh\u00edculo en Michigan es f\u00e1cil. Top Cash 4 Junk Cars puede guiarle a trav\u00e9s de todo el proceso, paso a paso. Click Image to Enlarge Descubrir Michigan Michigan es un lugar donde es f\u00e1cil encontrar y disfrutar los placeres m\u00e1s simples. Playas con [&hellip;]<\/p>\n","protected":false},"author":1,"featured_media":0,"parent":17,"menu_order":0,"comment_status":"closed","ping_status":"closed","template":"","meta":{"_monsterinsights_skip_tracking":false,"_monsterinsights_sitenote_active":false,"_monsterinsights_sitenote_note":"","_monsterinsights_sitenote_category":0,"footnotes":""},"class_list":["post-848","page","type-page","status-publish","hentry"],"_links":{"self":[{"href":"https:\/\/topcash4junkcars.com\/spanish\/wp-json\/wp\/v2\/pages\/848","targetHints":{"allow":["GET"]}}],"collection":[{"href":"https:\/\/topcash4junkcars.com\/spanish\/wp-json\/wp\/v2\/pages"}],"about":[{"href":"https:\/\/topcash4junkcars.com\/spanish\/wp-json\/wp\/v2\/types\/page"}],"author":[{"embeddable":true,"href":"https:\/\/topcash4junkcars.com\/spanish\/wp-json\/wp\/v2\/users\/1"}],"replies":[{"embeddable":true,"href":"https:\/\/topcash4junkcars.com\/spanish\/wp-json\/wp\/v2\/comments?post=848"}],"version-history":[{"count":3,"href":"https:\/\/topcash4junkcars.com\/spanish\/wp-json\/wp\/v2\/pages\/848\/revisions"}],"predecessor-version":[{"id":2594,"href":"https:\/\/topcash4junkcars.com\/spanish\/wp-json\/wp\/v2\/pages\/848\/revisions\/2594"}],"up":[{"embeddable":true,"href":"https:\/\/topcash4junkcars.com\/spanish\/wp-json\/wp\/v2\/pages\/17"}],"wp:attachment":[{"href":"https:\/\/topcash4junkcars.com\/spanish\/wp-json\/wp\/v2\/media?parent=848"}],"curies":[{"name":"wp","href":"https:\/\/api.w.org\/{rel}","templated":true}]}}