{"id":718,"date":"2023-08-01T20:56:01","date_gmt":"2023-08-02T03:56:01","guid":{"rendered":"https:\/\/donation2charity.com\/newspanish\/?page_id=718"},"modified":"2025-02-17T17:02:34","modified_gmt":"2025-02-18T01:02:34","slug":"alabama","status":"publish","type":"page","link":"https:\/\/topcash4junkcars.com\/spanish\/state-titles\/alabama\/","title":{"rendered":"Alabama"},"content":{"rendered":"\t\t<div data-elementor-type=\"wp-page\" data-elementor-id=\"718\" class=\"elementor elementor-718\" data-elementor-post-type=\"page\">\n\t\t\t\t<div class=\"elementor-element elementor-element-cf297e8 e-flex e-con-boxed e-con e-parent\" data-id=\"cf297e8\" data-element_type=\"container\" data-settings=\"{&quot;background_background&quot;:&quot;classic&quot;}\">\n\t\t\t\t\t<div class=\"e-con-inner\">\n\t\t<div class=\"elementor-element elementor-element-673a46c e-con-full e-flex e-con e-child\" data-id=\"673a46c\" data-element_type=\"container\">\n\t\t\t\t<div class=\"elementor-element elementor-element-839d07c elementor-widget elementor-widget-image\" data-id=\"839d07c\" data-element_type=\"widget\" data-widget_type=\"image.default\">\n\t\t\t\t<div class=\"elementor-widget-container\">\n\t\t\t\t\t\t\t\t\t\t\t\t\t\t\t<img fetchpriority=\"high\" decoding=\"async\" width=\"400\" height=\"268\" src=\"https:\/\/topcash4junkcars.com\/spanish\/wp-content\/uploads\/2023\/08\/Alabama-Flag.jpg\" class=\"attachment-large size-large wp-image-722\" alt=\"Flag of Alabama\" srcset=\"https:\/\/topcash4junkcars.com\/spanish\/wp-content\/uploads\/2023\/08\/Alabama-Flag.jpg 400w, https:\/\/topcash4junkcars.com\/spanish\/wp-content\/uploads\/2023\/08\/Alabama-Flag-300x201.jpg 300w\" sizes=\"(max-width: 400px) 100vw, 400px\" \/>\t\t\t\t\t\t\t\t\t\t\t\t\t\t\t<\/div>\n\t\t\t\t<\/div>\n\t\t\t\t<div class=\"elementor-element elementor-element-fec839e elementor-widget elementor-widget-heading\" data-id=\"fec839e\" data-element_type=\"widget\" data-widget_type=\"heading.default\">\n\t\t\t\t<div class=\"elementor-widget-container\">\n\t\t\t\t\t<h2 class=\"elementor-heading-title elementor-size-default\">Yellowhammer State<\/h2>\t\t\t\t<\/div>\n\t\t\t\t<\/div>\n\t\t\t\t<\/div>\n\t\t<div class=\"elementor-element elementor-element-2bbbbb0 e-con-full e-flex e-con e-child\" data-id=\"2bbbbb0\" data-element_type=\"container\" link=\"https:\/\/www.visittheusa.mx\/state\/alabama\" newtab=\"_blank\">\n\t\t\t\t<div class=\"elementor-element elementor-element-a89de24 elementor-flip-box--effect-fade elementor-widget elementor-widget-flip-box\" data-id=\"a89de24\" data-element_type=\"widget\" data-widget_type=\"flip-box.default\">\n\t\t\t\t<div class=\"elementor-widget-container\">\n\t\t\t\t\t\t\t<div class=\"elementor-flip-box\" tabindex=\"0\">\n\t\t\t<div class=\"elementor-flip-box__layer elementor-flip-box__front\">\n\t\t\t\t<div class=\"elementor-flip-box__layer__overlay\">\n\t\t\t\t\t<div class=\"elementor-flip-box__layer__inner\">\n\t\t\t\t\t\t\t\t\t\t\t\t\t<div class=\"elementor-icon-wrapper elementor-view-default\">\n\t\t\t\t\t\t\t\t<div class=\"elementor-icon\">\n\t\t\t\t\t\t\t\t\t\t\t\t\t\t\t\t\t<\/div>\n\t\t\t\t\t\t\t<\/div>\n\t\t\t\t\t\t\n\t\t\t\t\t\t\n\t\t\t\t\t\t\t\t\t\t\t<\/div>\n\t\t\t\t<\/div>\n\t\t\t<\/div>\n\t\t\t<div class=\"elementor-flip-box__layer elementor-flip-box__back\">\n\t\t\t<div class=\"elementor-flip-box__layer__overlay\">\n\t\t\t\t<div class=\"elementor-flip-box__layer__inner\">\n\t\t\t\t\t\n\t\t\t\t\t\n\t\t\t\t\t\t\t\t<\/div>\n\t\t<\/div>\n\t\t<\/div>\n\t\t<\/div>\n\t\t\t\t\t\t<\/div>\n\t\t\t\t<\/div>\n\t\t\t\t<\/div>\n\t\t\t\t\t<\/div>\n\t\t\t\t<\/div>\n\t\t<div class=\"elementor-element elementor-element-8cb9e85 e-flex e-con-boxed e-con e-parent\" data-id=\"8cb9e85\" data-element_type=\"container\">\n\t\t\t\t\t<div class=\"e-con-inner\">\n\t\t<div class=\"elementor-element elementor-element-1cd7ea6 e-con-full e-flex e-con e-child\" data-id=\"1cd7ea6\" data-element_type=\"container\">\n\t\t\t\t<div class=\"elementor-element elementor-element-faf511a elementor-widget elementor-widget-heading\" data-id=\"faf511a\" data-element_type=\"widget\" data-widget_type=\"heading.default\">\n\t\t\t\t<div class=\"elementor-widget-container\">\n\t\t\t\t\t<h1 class=\"elementor-heading-title elementor-size-default\">Vender un veh\u00edculo en Alabama (AL)<\/h1>\t\t\t\t<\/div>\n\t\t\t\t<\/div>\n\t\t\t\t<div class=\"elementor-element elementor-element-967cf1e elementor-widget elementor-widget-text-editor\" data-id=\"967cf1e\" data-element_type=\"widget\" data-widget_type=\"text-editor.default\">\n\t\t\t\t<div class=\"elementor-widget-container\">\n\t\t\t\t\t\t\t\t\t<p>Vender un veh\u00edculo en Alabama es f\u00e1cil. Top Cash 4 Junk Cars puede guiarle a trav\u00e9s de todo el proceso, paso a paso.<\/p>\t\t\t\t\t\t\t\t<\/div>\n\t\t\t\t<\/div>\n\t\t\t\t<div class=\"elementor-element elementor-element-e0f259d elementor-widget elementor-widget-text-editor\" data-id=\"e0f259d\" data-element_type=\"widget\" data-widget_type=\"text-editor.default\">\n\t\t\t\t<div class=\"elementor-widget-container\">\n\t\t\t\t\t\t\t\t\t<p>Click Image to Enlarge<\/p>\t\t\t\t\t\t\t\t<\/div>\n\t\t\t\t<\/div>\n\t\t<div class=\"elementor-element elementor-element-820a389 e-flex e-con-boxed e-con e-child\" data-id=\"820a389\" data-element_type=\"container\">\n\t\t\t\t\t<div class=\"e-con-inner\">\n\t\t<div class=\"elementor-element elementor-element-e490ca4 e-flex e-con-boxed e-con e-child\" data-id=\"e490ca4\" data-element_type=\"container\">\n\t\t\t\t\t<div class=\"e-con-inner\">\n\t\t\t\t<div class=\"elementor-element elementor-element-e3ccbb0 elementor-widget elementor-widget-image\" data-id=\"e3ccbb0\" data-element_type=\"widget\" data-widget_type=\"image.default\">\n\t\t\t\t<div class=\"elementor-widget-container\">\n\t\t\t\t\t\t\t\t\t\t\t\t\t\t\t\t<a href=\"https:\/\/donation2charity.com\/newspanish\/wp-content\/uploads\/2023\/08\/Alabama-COT-Front-Sample.jpg\" data-elementor-open-lightbox=\"yes\" data-elementor-lightbox-title=\"Alabama COT - Donation to Charity\" data-e-action-hash=\"#elementor-action%3Aaction%3Dlightbox%26settings%3DeyJpZCI6NzYxLCJ1cmwiOiJodHRwczpcL1wvdG9wY2FzaDRqdW5rY2Fycy5jb21cL3NwYW5pc2hcL3dwLWNvbnRlbnRcL3VwbG9hZHNcLzIwMjNcLzA4XC9BbGFiYW1hLUNPVC1Gcm9udC1TYW1wbGUuanBnIn0%3D\" target=\"_blank\" rel=\"noopener\">\n\t\t\t\t\t\t\t<img decoding=\"async\" width=\"709\" height=\"800\" src=\"https:\/\/topcash4junkcars.com\/spanish\/wp-content\/uploads\/2023\/08\/Alabama-COT-Front-Sample.jpg\" class=\"attachment-large size-large wp-image-761\" alt=\"COT State of Alabama\" srcset=\"https:\/\/topcash4junkcars.com\/spanish\/wp-content\/uploads\/2023\/08\/Alabama-COT-Front-Sample.jpg 709w, https:\/\/topcash4junkcars.com\/spanish\/wp-content\/uploads\/2023\/08\/Alabama-COT-Front-Sample-266x300.jpg 266w\" sizes=\"(max-width: 709px) 100vw, 709px\" \/>\t\t\t\t\t\t\t\t<\/a>\n\t\t\t\t\t\t\t\t\t\t\t\t\t\t\t<\/div>\n\t\t\t\t<\/div>\n\t\t\t\t\t<\/div>\n\t\t\t\t<\/div>\n\t\t<div class=\"elementor-element elementor-element-49ee5a9 e-flex e-con-boxed e-con e-child\" data-id=\"49ee5a9\" data-element_type=\"container\">\n\t\t\t\t\t<div class=\"e-con-inner\">\n\t\t\t\t<div class=\"elementor-element elementor-element-a71e881 elementor-widget elementor-widget-image\" data-id=\"a71e881\" data-element_type=\"widget\" data-widget_type=\"image.default\">\n\t\t\t\t<div class=\"elementor-widget-container\">\n\t\t\t\t\t\t\t\t\t\t\t\t\t\t\t\t<a href=\"https:\/\/donation2charity.com\/newspanish\/wp-content\/uploads\/2023\/08\/Alabama-COT-Back-Sample.jpg\" data-elementor-open-lightbox=\"yes\" data-elementor-lightbox-title=\"Alabama COT - Donation to Charity\" data-e-action-hash=\"#elementor-action%3Aaction%3Dlightbox%26settings%3DeyJpZCI6NzYyLCJ1cmwiOiJodHRwczpcL1wvdG9wY2FzaDRqdW5rY2Fycy5jb21cL3NwYW5pc2hcL3dwLWNvbnRlbnRcL3VwbG9hZHNcLzIwMjNcLzA4XC9BbGFiYW1hLUNPVC1CYWNrLVNhbXBsZS5qcGcifQ%3D%3D\" target=\"_blank\" rel=\"noopener\">\n\t\t\t\t\t\t\t<img decoding=\"async\" width=\"686\" height=\"800\" src=\"https:\/\/topcash4junkcars.com\/spanish\/wp-content\/uploads\/2023\/08\/Alabama-COT-Back-Sample.jpg\" class=\"attachment-large size-large wp-image-762\" alt=\"COT State of Alabama\" srcset=\"https:\/\/topcash4junkcars.com\/spanish\/wp-content\/uploads\/2023\/08\/Alabama-COT-Back-Sample.jpg 686w, https:\/\/topcash4junkcars.com\/spanish\/wp-content\/uploads\/2023\/08\/Alabama-COT-Back-Sample-257x300.jpg 257w\" sizes=\"(max-width: 686px) 100vw, 686px\" \/>\t\t\t\t\t\t\t\t<\/a>\n\t\t\t\t\t\t\t\t\t\t\t\t\t\t\t<\/div>\n\t\t\t\t<\/div>\n\t\t\t\t\t<\/div>\n\t\t\t\t<\/div>\n\t\t\t\t\t<\/div>\n\t\t\t\t<\/div>\n\t\t\t\t<div class=\"elementor-element elementor-element-1978ec3 elementor-widget-divider--view-line elementor-widget elementor-widget-divider\" data-id=\"1978ec3\" data-element_type=\"widget\" data-widget_type=\"divider.default\">\n\t\t\t\t<div class=\"elementor-widget-container\">\n\t\t\t\t\t\t\t<div class=\"elementor-divider\">\n\t\t\t<span class=\"elementor-divider-separator\">\n\t\t\t\t\t\t<\/span>\n\t\t<\/div>\n\t\t\t\t\t\t<\/div>\n\t\t\t\t<\/div>\n\t\t\t\t<div class=\"elementor-element elementor-element-ee08cba elementor-widget elementor-widget-heading\" data-id=\"ee08cba\" data-element_type=\"widget\" data-widget_type=\"heading.default\">\n\t\t\t\t<div class=\"elementor-widget-container\">\n\t\t\t\t\t<h2 class=\"elementor-heading-title elementor-size-default\"><a href=\"https:\/\/www.visittheusa.com\/state\/alabama\" target=\"_blank\" rel=\"noopener\">Descubrir Alabama<\/a><\/h2>\t\t\t\t<\/div>\n\t\t\t\t<\/div>\n\t\t\t\t<div class=\"elementor-element elementor-element-9c04346 elementor-widget elementor-widget-image\" data-id=\"9c04346\" data-element_type=\"widget\" data-widget_type=\"image.default\">\n\t\t\t\t<div class=\"elementor-widget-container\">\n\t\t\t\t\t\t\t\t\t\t\t\t\t\t\t\t<a href=\"https:\/\/www.visittheusa.com\/state\/alabama\" target=\"_blank\" rel=\"noopener\">\n\t\t\t\t\t\t\t<img loading=\"lazy\" decoding=\"async\" width=\"306\" height=\"250\" src=\"https:\/\/topcash4junkcars.com\/spanish\/wp-content\/uploads\/2023\/08\/Discover-Alabama.png\" class=\"attachment-large size-large wp-image-765\" alt=\"Discover Alabama\" srcset=\"https:\/\/topcash4junkcars.com\/spanish\/wp-content\/uploads\/2023\/08\/Discover-Alabama.png 306w, https:\/\/topcash4junkcars.com\/spanish\/wp-content\/uploads\/2023\/08\/Discover-Alabama-300x245.png 300w\" sizes=\"(max-width: 306px) 100vw, 306px\" \/>\t\t\t\t\t\t\t\t<\/a>\n\t\t\t\t\t\t\t\t\t\t\t\t\t\t\t<\/div>\n\t\t\t\t<\/div>\n\t\t\t\t<div class=\"elementor-element elementor-element-41c5da8 elementor-widget elementor-widget-text-editor\" data-id=\"41c5da8\" data-element_type=\"widget\" data-widget_type=\"text-editor.default\">\n\t\t\t\t<div class=\"elementor-widget-container\">\n\t\t\t\t\t\t\t\t\t<p>El famoso coro \u201cSweet Home Alabama\u201d, que probablemente has o\u00eddo, es mucho m\u00e1s que una simple parte de una canci\u00f3n. Esta es una\u00a0tierra de historia, cultura, m\u00fasica y aventuras desde las playas a las monta\u00f1as. Las leyendas de la m\u00fasica Nat King Cole, W.C. Handy y Hank Williams nacieron en Alabama. Adem\u00e1s, artistas tales como Aretha Franklin y The Rolling Stones vinieron a Alabama para cimentar sus carreras. Aqu\u00ed, se canta g\u00f3spel en las iglesias, mientras que la gente baila al ritmo del blues, el country y el jazz en los bares. Los restaurantes de los lugare\u00f1os sirven platillos tales como una barbacoa que har\u00e1 agua tu boca y tambi\u00e9n sirven mariscos frescos de las villas pesqueras de Alabama. Los museos de este lugar cubren todo, desde los derechos civiles y la historia musical hasta los autos r\u00e1pidos y naves espaciales a\u00fan m\u00e1s r\u00e1pidas.<\/p>\t\t\t\t\t\t\t\t<\/div>\n\t\t\t\t<\/div>\n\t\t\t\t<div class=\"elementor-element elementor-element-8c66aa6 elementor-widget-divider--view-line elementor-widget elementor-widget-divider\" data-id=\"8c66aa6\" data-element_type=\"widget\" data-widget_type=\"divider.default\">\n\t\t\t\t<div class=\"elementor-widget-container\">\n\t\t\t\t\t\t\t<div class=\"elementor-divider\">\n\t\t\t<span class=\"elementor-divider-separator\">\n\t\t\t\t\t\t<\/span>\n\t\t<\/div>\n\t\t\t\t\t\t<\/div>\n\t\t\t\t<\/div>\n\t\t\t\t<div class=\"elementor-element elementor-element-cf198bd elementor-widget elementor-widget-heading\" data-id=\"cf198bd\" data-element_type=\"widget\" data-widget_type=\"heading.default\">\n\t\t\t\t<div class=\"elementor-widget-container\">\n\t\t\t\t\t<h3 class=\"elementor-heading-title elementor-size-default\">Enlaces \u00fatiles<\/h3>\t\t\t\t<\/div>\n\t\t\t\t<\/div>\n\t\t\t\t<div class=\"elementor-element elementor-element-f78ef67 elementor-widget elementor-widget-image\" data-id=\"f78ef67\" data-element_type=\"widget\" data-widget_type=\"image.default\">\n\t\t\t\t<div class=\"elementor-widget-container\">\n\t\t\t\t\t\t\t\t\t\t\t\t\t\t\t\t<a href=\"https:\/\/www.dot.state.al.us\/\" target=\"_blank\" rel=\"noopener\">\n\t\t\t\t\t\t\t<img loading=\"lazy\" decoding=\"async\" width=\"800\" height=\"85\" src=\"https:\/\/topcash4junkcars.com\/spanish\/wp-content\/uploads\/2023\/08\/Alabama-DOT.jpg\" class=\"attachment-large size-large wp-image-766\" alt=\"DOT Alabama\" srcset=\"https:\/\/topcash4junkcars.com\/spanish\/wp-content\/uploads\/2023\/08\/Alabama-DOT.jpg 936w, https:\/\/topcash4junkcars.com\/spanish\/wp-content\/uploads\/2023\/08\/Alabama-DOT-300x32.jpg 300w, https:\/\/topcash4junkcars.com\/spanish\/wp-content\/uploads\/2023\/08\/Alabama-DOT-768x82.jpg 768w\" sizes=\"(max-width: 800px) 100vw, 800px\" \/>\t\t\t\t\t\t\t\t<\/a>\n\t\t\t\t\t\t\t\t\t\t\t\t\t\t\t<\/div>\n\t\t\t\t<\/div>\n\t\t\t\t<div class=\"elementor-element elementor-element-fe565c2 elementor-widget elementor-widget-image\" data-id=\"fe565c2\" data-element_type=\"widget\" data-widget_type=\"image.default\">\n\t\t\t\t<div class=\"elementor-widget-container\">\n\t\t\t\t\t\t\t\t\t\t\t\t\t\t\t\t<a href=\"https:\/\/www.sos.alabama.gov\/\" target=\"_blank\" rel=\"noopener\">\n\t\t\t\t\t\t\t<img loading=\"lazy\" decoding=\"async\" width=\"800\" height=\"123\" src=\"https:\/\/topcash4junkcars.com\/spanish\/wp-content\/uploads\/2023\/08\/Alabama-Sec-of-State.jpg\" class=\"attachment-large size-large wp-image-767\" alt=\"SOS Alabama\" srcset=\"https:\/\/topcash4junkcars.com\/spanish\/wp-content\/uploads\/2023\/08\/Alabama-Sec-of-State.jpg 816w, https:\/\/topcash4junkcars.com\/spanish\/wp-content\/uploads\/2023\/08\/Alabama-Sec-of-State-300x46.jpg 300w, https:\/\/topcash4junkcars.com\/spanish\/wp-content\/uploads\/2023\/08\/Alabama-Sec-of-State-768x118.jpg 768w\" sizes=\"(max-width: 800px) 100vw, 800px\" \/>\t\t\t\t\t\t\t\t<\/a>\n\t\t\t\t\t\t\t\t\t\t\t\t\t\t\t<\/div>\n\t\t\t\t<\/div>\n\t\t\t\t<div class=\"elementor-element elementor-element-a334157 elementor-widget elementor-widget-image\" data-id=\"a334157\" data-element_type=\"widget\" data-widget_type=\"image.default\">\n\t\t\t\t<div class=\"elementor-widget-container\">\n\t\t\t\t\t\t\t\t\t\t\t\t\t\t\t\t<a href=\"https:\/\/revenue.alabama.gov\/motor-vehicle\/\" target=\"_blank\" rel=\"noopener\">\n\t\t\t\t\t\t\t<img loading=\"lazy\" decoding=\"async\" width=\"500\" height=\"225\" src=\"https:\/\/topcash4junkcars.com\/spanish\/wp-content\/uploads\/2023\/08\/Alabama-Department-of-Revenue.jpg\" class=\"attachment-large size-large wp-image-768\" alt=\"Department of Revenue Alabama\" srcset=\"https:\/\/topcash4junkcars.com\/spanish\/wp-content\/uploads\/2023\/08\/Alabama-Department-of-Revenue.jpg 500w, https:\/\/topcash4junkcars.com\/spanish\/wp-content\/uploads\/2023\/08\/Alabama-Department-of-Revenue-300x135.jpg 300w\" sizes=\"(max-width: 500px) 100vw, 500px\" \/>\t\t\t\t\t\t\t\t<\/a>\n\t\t\t\t\t\t\t\t\t\t\t\t\t\t\t<\/div>\n\t\t\t\t<\/div>\n\t\t\t\t<div class=\"elementor-element elementor-element-d19b836 elementor-widget elementor-widget-html\" data-id=\"d19b836\" data-element_type=\"widget\" data-widget_type=\"html.default\">\n\t\t\t\t<div class=\"elementor-widget-container\">\n\t\t\t\t\t<script>\r\nvar $ = jQuery\r\n$(document).ready(function(){\r\n    \r\n$('.elementor-section[link], .elementor-column[link] > .elementor-widget-wrap, .e-con[link], .e-container[link]').on('click', function(){\r\n    \r\n    var $this = $(this).hasClass('elementor-widget-wrap') ? $(this).parent() : $(this),\r\n    link = $this.attr('link'),\r\n    newtab = $this.attr('newtab'),\r\n    openIn = typeof newtab !== 'undefined' && newtab !== false ? '_blank' : '_self'\r\n    \r\n    window.open(link, openIn)\r\n})\r\n})\r\n<\/script>\r\n<style>\r\n.elementor-section[link], .elementor-column[link] > .elementor-widget-wrap, .e-con[link], .e-container[link] {\r\n    cursor: pointer;\r\n}\r\n<\/style>\t\t\t\t<\/div>\n\t\t\t\t<\/div>\n\t\t\t\t<\/div>\n\t\t\t\t\t<\/div>\n\t\t\t\t<\/div>\n\t\t\t\t<\/div>\n\t\t","protected":false},"excerpt":{"rendered":"<p>Yellowhammer State Vender un veh\u00edculo en Alabama (AL) Vender un veh\u00edculo en Alabama es f\u00e1cil. Top Cash 4 Junk Cars puede guiarle a trav\u00e9s de todo el proceso, paso a paso. Click Image to Enlarge Descubrir Alabama El famoso coro \u201cSweet Home Alabama\u201d, que probablemente has o\u00eddo, es mucho m\u00e1s que una simple parte de [&hellip;]<\/p>\n","protected":false},"author":1,"featured_media":0,"parent":17,"menu_order":0,"comment_status":"closed","ping_status":"closed","template":"","meta":{"_monsterinsights_skip_tracking":false,"_monsterinsights_sitenote_active":false,"_monsterinsights_sitenote_note":"","_monsterinsights_sitenote_category":0,"footnotes":""},"class_list":["post-718","page","type-page","status-publish","hentry"],"_links":{"self":[{"href":"https:\/\/topcash4junkcars.com\/spanish\/wp-json\/wp\/v2\/pages\/718","targetHints":{"allow":["GET"]}}],"collection":[{"href":"https:\/\/topcash4junkcars.com\/spanish\/wp-json\/wp\/v2\/pages"}],"about":[{"href":"https:\/\/topcash4junkcars.com\/spanish\/wp-json\/wp\/v2\/types\/page"}],"author":[{"embeddable":true,"href":"https:\/\/topcash4junkcars.com\/spanish\/wp-json\/wp\/v2\/users\/1"}],"replies":[{"embeddable":true,"href":"https:\/\/topcash4junkcars.com\/spanish\/wp-json\/wp\/v2\/comments?post=718"}],"version-history":[{"count":9,"href":"https:\/\/topcash4junkcars.com\/spanish\/wp-json\/wp\/v2\/pages\/718\/revisions"}],"predecessor-version":[{"id":2510,"href":"https:\/\/topcash4junkcars.com\/spanish\/wp-json\/wp\/v2\/pages\/718\/revisions\/2510"}],"up":[{"embeddable":true,"href":"https:\/\/topcash4junkcars.com\/spanish\/wp-json\/wp\/v2\/pages\/17"}],"wp:attachment":[{"href":"https:\/\/topcash4junkcars.com\/spanish\/wp-json\/wp\/v2\/media?parent=718"}],"curies":[{"name":"wp","href":"https:\/\/api.w.org\/{rel}","templated":true}]}}