{"id":3,"date":"2024-08-16T22:35:56","date_gmt":"2024-08-16T22:35:56","guid":{"rendered":"https:\/\/server.geek-hosting.com\/~topcash4junkcars\/?page_id=3"},"modified":"2025-02-07T13:33:12","modified_gmt":"2025-02-07T21:33:12","slug":"privacy-policy","status":"publish","type":"page","link":"https:\/\/topcash4junkcars.com\/spanish\/privacy-policy\/","title":{"rendered":"Privacy Policy"},"content":{"rendered":"\t\t<div data-elementor-type=\"wp-page\" data-elementor-id=\"3\" class=\"elementor elementor-3\" data-elementor-post-type=\"page\">\n\t\t\t\t<div class=\"elementor-element elementor-element-093514b e-flex e-con-boxed e-con e-parent\" data-id=\"093514b\" data-element_type=\"container\" data-settings=\"{&quot;background_background&quot;:&quot;classic&quot;}\">\n\t\t\t\t\t<div class=\"e-con-inner\">\n\t\t<div class=\"elementor-element elementor-element-5918148 e-flex e-con-boxed e-con e-child\" data-id=\"5918148\" data-element_type=\"container\">\n\t\t\t\t\t<div class=\"e-con-inner\">\n\t\t\t\t<div class=\"elementor-element elementor-element-1b154a9 elementor-widget elementor-widget-heading\" data-id=\"1b154a9\" data-element_type=\"widget\" data-widget_type=\"heading.default\">\n\t\t\t\t<div class=\"elementor-widget-container\">\n\t\t\t\t\t<h1 class=\"elementor-heading-title elementor-size-default\">T\u00e9rminos<\/h1>\t\t\t\t<\/div>\n\t\t\t\t<\/div>\n\t\t\t\t<div class=\"elementor-element elementor-element-82ef5d8 elementor-widget elementor-widget-heading\" data-id=\"82ef5d8\" data-element_type=\"widget\" data-widget_type=\"heading.default\">\n\t\t\t\t<div class=\"elementor-widget-container\">\n\t\t\t\t\t<h1 class=\"elementor-heading-title elementor-size-default\">y Condiciones<\/h1>\t\t\t\t<\/div>\n\t\t\t\t<\/div>\n\t\t\t\t\t<\/div>\n\t\t\t\t<\/div>\n\t\t\t\t<div class=\"elementor-element elementor-element-fa4e82c elementor-widget elementor-widget-text-editor\" data-id=\"fa4e82c\" data-element_type=\"widget\" data-widget_type=\"text-editor.default\">\n\t\t\t\t<div class=\"elementor-widget-container\">\n\t\t\t\t\t\t\t\t\t<p data-pm-slice=\"1 1 []\">Bienvenido a <strong>Top Cash 4 Junk Cars<\/strong>. Al utilizar nuestros servicios, aceptas los siguientes t\u00e9rminos y condiciones. Por favor, l\u00e9elos detenidamente antes de interactuar con nuestra plataforma o servicios. Si tienes alguna pregunta, no dudes en contactarnos en <strong><a rel=\"noopener\">info@topcash4junkcars.com<\/a><\/strong>.<\/p>\t\t\t\t\t\t\t\t<\/div>\n\t\t\t\t<\/div>\n\t\t\t\t\t<\/div>\n\t\t\t\t<\/div>\n\t\t<div class=\"elementor-element elementor-element-79c2072 e-flex e-con-boxed e-con e-parent\" data-id=\"79c2072\" data-element_type=\"container\">\n\t\t\t\t\t<div class=\"e-con-inner\">\n\t\t\t\t<div class=\"elementor-element elementor-element-b48197b elementor-widget elementor-widget-heading\" data-id=\"b48197b\" data-element_type=\"widget\" data-widget_type=\"heading.default\">\n\t\t\t\t<div class=\"elementor-widget-container\">\n\t\t\t\t\t<h2 class=\"elementor-heading-title elementor-size-default\">T\u00e9rminos Generales<\/h2>\t\t\t\t<\/div>\n\t\t\t\t<\/div>\n\t\t\t\t<div class=\"elementor-element elementor-element-c7b0541 elementor-widget elementor-widget-text-editor\" data-id=\"c7b0541\" data-element_type=\"widget\" data-widget_type=\"text-editor.default\">\n\t\t\t\t<div class=\"elementor-widget-container\">\n\t\t\t\t\t\t\t\t\t<ol start=\"1\" data-spread=\"true\" data-pm-slice=\"3 5 []\"><li><p><strong>Elegibilidad<\/strong><\/p><ul data-spread=\"false\"><li><p>Para utilizar nuestros servicios, debes tener al menos <strong>18 a\u00f1os<\/strong> o contar con el consentimiento de un tutor legal.<\/p><\/li><li><p>Debes ser el propietario legal del veh\u00edculo o tener la autoridad para venderlo en nombre del propietario.<\/p><\/li><\/ul><\/li><li><p><strong>Exactitud de la Informaci\u00f3n<\/strong><\/p><ul data-spread=\"false\"><li><p>Aceptas proporcionar informaci\u00f3n precisa, actual y completa al solicitar una cotizaci\u00f3n o vender tu veh\u00edculo.<\/p><\/li><li><p>Cualquier informaci\u00f3n falsa o enga\u00f1osa puede resultar en la cancelaci\u00f3n de tu cotizaci\u00f3n u oferta.<\/p><\/li><\/ul><\/li><li><p>Ofertas y Pagos<\/p><ul data-spread=\"false\"><li><p>Todas las ofertas est\u00e1n sujetas a la verificaci\u00f3n del estado del veh\u00edculo, t\u00edtulo y otros detalles.<\/p><\/li><li><p>El pago se realizar\u00e1 despu\u00e9s de que nuestro equipo haya inspeccionado y recogido el veh\u00edculo.<\/p><\/li><\/ul><\/li><li><p><strong>Recogida del Veh\u00edculo<\/strong><\/p><ul data-spread=\"false\"><li><p>Ofrecemos <strong>servicio de remolque y recogida gratuitos<\/strong> para todos los veh\u00edculos.<\/p><\/li><li><p>Debes asegurarte de que el veh\u00edculo sea accesible en el momento de la recogida y proporcionar toda la documentaci\u00f3n necesaria, incluido el t\u00edtulo, si aplica.<\/p><\/li><\/ul><\/li><\/ol>\t\t\t\t\t\t\t\t<\/div>\n\t\t\t\t<\/div>\n\t\t\t\t<div class=\"elementor-element elementor-element-a4ff35a elementor-widget-divider--view-line elementor-widget elementor-widget-divider\" data-id=\"a4ff35a\" data-element_type=\"widget\" data-widget_type=\"divider.default\">\n\t\t\t\t<div class=\"elementor-widget-container\">\n\t\t\t\t\t\t\t<div class=\"elementor-divider\">\n\t\t\t<span class=\"elementor-divider-separator\">\n\t\t\t\t\t\t<\/span>\n\t\t<\/div>\n\t\t\t\t\t\t<\/div>\n\t\t\t\t<\/div>\n\t\t\t\t<div class=\"elementor-element elementor-element-6979161 elementor-widget elementor-widget-heading\" data-id=\"6979161\" data-element_type=\"widget\" data-widget_type=\"heading.default\">\n\t\t\t\t<div class=\"elementor-widget-container\">\n\t\t\t\t\t<h2 class=\"elementor-heading-title elementor-size-default\">Comunicaci\u00f3n por SMS<\/h2>\t\t\t\t<\/div>\n\t\t\t\t<\/div>\n\t\t\t\t<div class=\"elementor-element elementor-element-8933b68 elementor-widget elementor-widget-text-editor\" data-id=\"8933b68\" data-element_type=\"widget\" data-widget_type=\"text-editor.default\">\n\t\t\t\t<div class=\"elementor-widget-container\">\n\t\t\t\t\t\t\t\t\t<ol start=\"1\" data-spread=\"true\" data-pm-slice=\"3 5 []\"><li><p><strong>Aceptaci\u00f3n de SMS<\/strong><\/p><ul data-spread=\"false\"><li><p>Al solicitar una cotizaci\u00f3n, aceptas recibir mensajes de texto (<strong>SMS<\/strong>) de <strong>Top Cash 4 Junk Cars<\/strong> relacionados con tu cotizaci\u00f3n, ofertas y actualizaciones de nuestros servicios.<\/p><\/li><li><p>Esto puede incluir mensajes promocionales, recordatorios y seguimientos de atenci\u00f3n al cliente.<\/p><\/li><\/ul><\/li><li><p>Cancelaci\u00f3n de SMS<\/p><ul data-spread=\"false\"><li><p>Puedes dejar de recibir mensajes de texto en cualquier momento respondiendo <strong>&#8220;STOP&#8221;<\/strong> a cualquier mensaje recibido.<\/p><\/li><li><p>Tambi\u00e9n puedes contactarnos en <a href=\"mailto:info@topcash4junkcars.com\" rel=\"noopener\">info@topcash4junkcars.com<\/a> para solicitar la eliminaci\u00f3n de nuestra lista de SMS.<\/p><\/li><li><p>Ten en cuenta que cancelar la suscripci\u00f3n puede afectar nuestra capacidad para proporcionarte actualizaciones oportunas sobre tu cotizaci\u00f3n o transacci\u00f3n.<\/p><\/li><\/ul><\/li><\/ol>\t\t\t\t\t\t\t\t<\/div>\n\t\t\t\t<\/div>\n\t\t\t\t<div class=\"elementor-element elementor-element-6407350 elementor-widget-divider--view-line elementor-widget elementor-widget-divider\" data-id=\"6407350\" data-element_type=\"widget\" data-widget_type=\"divider.default\">\n\t\t\t\t<div class=\"elementor-widget-container\">\n\t\t\t\t\t\t\t<div class=\"elementor-divider\">\n\t\t\t<span class=\"elementor-divider-separator\">\n\t\t\t\t\t\t<\/span>\n\t\t<\/div>\n\t\t\t\t\t\t<\/div>\n\t\t\t\t<\/div>\n\t\t\t\t<div class=\"elementor-element elementor-element-513bc57 elementor-widget elementor-widget-heading\" data-id=\"513bc57\" data-element_type=\"widget\" data-widget_type=\"heading.default\">\n\t\t\t\t<div class=\"elementor-widget-container\">\n\t\t\t\t\t<h2 class=\"elementor-heading-title elementor-size-default\">Pol\u00edtica de Privacidad<\/h2>\t\t\t\t<\/div>\n\t\t\t\t<\/div>\n\t\t\t\t<div class=\"elementor-element elementor-element-bc30791 elementor-widget elementor-widget-text-editor\" data-id=\"bc30791\" data-element_type=\"widget\" data-widget_type=\"text-editor.default\">\n\t\t\t\t<div class=\"elementor-widget-container\">\n\t\t\t\t\t\t\t\t\t<ol start=\"1\" data-spread=\"true\" data-pm-slice=\"3 5 []\"><li><p><strong>Recopilaci\u00f3n de Datos<\/strong><\/p><ul data-spread=\"false\"><li><p>Recopilamos informaci\u00f3n personal como tu <strong>nombre, datos de contacto e informaci\u00f3n del veh\u00edculo<\/strong> para brindarte nuestros servicios.<\/p><\/li><li><p>Tu informaci\u00f3n ser\u00e1 utilizada \u00fanicamente para procesar tu transacci\u00f3n, brindar atenci\u00f3n al cliente y enviarte comunicaciones seg\u00fan lo establecido en nuestra <strong>Pol\u00edtica de Privacidad<\/strong>.<\/p><\/li><\/ul><\/li><li><p><strong>Seguridad de los Datos<\/strong><\/p><ul data-spread=\"false\"><li><p>Implementamos pr\u00e1cticas est\u00e1ndar de la industria para garantizar que tu informaci\u00f3n est\u00e9 segura y protegida.<\/p><\/li><\/ul><\/li><li><p><strong>Compartici\u00f3n de Informaci\u00f3n<\/strong><\/p><ul data-spread=\"false\"><li><p>No vendemos ni compartimos tu informaci\u00f3n con terceros, excepto cuando sea necesario para completar tu transacci\u00f3n o cuando lo exija la ley.<\/p><\/li><\/ul><\/li><\/ol>\t\t\t\t\t\t\t\t<\/div>\n\t\t\t\t<\/div>\n\t\t\t\t<div class=\"elementor-element elementor-element-c883564 elementor-widget-divider--view-line elementor-widget elementor-widget-divider\" data-id=\"c883564\" data-element_type=\"widget\" data-widget_type=\"divider.default\">\n\t\t\t\t<div class=\"elementor-widget-container\">\n\t\t\t\t\t\t\t<div class=\"elementor-divider\">\n\t\t\t<span class=\"elementor-divider-separator\">\n\t\t\t\t\t\t<\/span>\n\t\t<\/div>\n\t\t\t\t\t\t<\/div>\n\t\t\t\t<\/div>\n\t\t\t\t<div class=\"elementor-element elementor-element-6cb57c3 elementor-widget elementor-widget-heading\" data-id=\"6cb57c3\" data-element_type=\"widget\" data-widget_type=\"heading.default\">\n\t\t\t\t<div class=\"elementor-widget-container\">\n\t\t\t\t\t<h2 class=\"elementor-heading-title elementor-size-default\">Responsabilidad<\/h2>\t\t\t\t<\/div>\n\t\t\t\t<\/div>\n\t\t\t\t<div class=\"elementor-element elementor-element-ff893cb elementor-widget elementor-widget-text-editor\" data-id=\"ff893cb\" data-element_type=\"widget\" data-widget_type=\"text-editor.default\">\n\t\t\t\t<div class=\"elementor-widget-container\">\n\t\t\t\t\t\t\t\t\t<ol start=\"1\" data-spread=\"true\" data-pm-slice=\"3 5 []\"><li><p><strong>Limitaci\u00f3n de Responsabilidad<\/strong><\/p><ul data-spread=\"false\"><li><p><strong>Top Cash 4 Junk Cars<\/strong> no ser\u00e1 responsable de da\u00f1os indirectos, incidentales o consecuentes derivados del uso de nuestros servicios.<\/p><\/li><\/ul><\/li><li><p><strong>Fuerza Mayor<\/strong><\/p><ul data-spread=\"false\"><li><p>No somos responsables por retrasos o fallos debido a circunstancias fuera de nuestro control, como desastres naturales, huelgas o problemas t\u00e9cnicos.<\/p><\/li><\/ul><\/li><\/ol>\t\t\t\t\t\t\t\t<\/div>\n\t\t\t\t<\/div>\n\t\t\t\t<div class=\"elementor-element elementor-element-feff0ad elementor-widget-divider--view-line elementor-widget elementor-widget-divider\" data-id=\"feff0ad\" data-element_type=\"widget\" data-widget_type=\"divider.default\">\n\t\t\t\t<div class=\"elementor-widget-container\">\n\t\t\t\t\t\t\t<div class=\"elementor-divider\">\n\t\t\t<span class=\"elementor-divider-separator\">\n\t\t\t\t\t\t<\/span>\n\t\t<\/div>\n\t\t\t\t\t\t<\/div>\n\t\t\t\t<\/div>\n\t\t\t\t<div class=\"elementor-element elementor-element-4bd72a9 elementor-widget elementor-widget-heading\" data-id=\"4bd72a9\" data-element_type=\"widget\" data-widget_type=\"heading.default\">\n\t\t\t\t<div class=\"elementor-widget-container\">\n\t\t\t\t\t<h2 class=\"elementor-heading-title elementor-size-default\">Modificaciones de los T\u00e9rminos<\/h2>\t\t\t\t<\/div>\n\t\t\t\t<\/div>\n\t\t\t\t<div class=\"elementor-element elementor-element-b9ee721 elementor-widget elementor-widget-text-editor\" data-id=\"b9ee721\" data-element_type=\"widget\" data-widget_type=\"text-editor.default\">\n\t\t\t\t<div class=\"elementor-widget-container\">\n\t\t\t\t\t\t\t\t\t<p data-pm-slice=\"1 1 []\">Nos reservamos el derecho de <strong>actualizar o modificar<\/strong> estos <strong>T\u00e9rminos y Condiciones<\/strong> en cualquier momento. Los cambios entrar\u00e1n en vigor inmediatamente despu\u00e9s de su publicaci\u00f3n en nuestro sitio web. El uso continuado de nuestros servicios constituye tu aceptaci\u00f3n de los t\u00e9rminos revisados.<\/p>\t\t\t\t\t\t\t\t<\/div>\n\t\t\t\t<\/div>\n\t\t\t\t<div class=\"elementor-element elementor-element-9e5154d elementor-widget-divider--view-line elementor-widget elementor-widget-divider\" data-id=\"9e5154d\" data-element_type=\"widget\" data-widget_type=\"divider.default\">\n\t\t\t\t<div class=\"elementor-widget-container\">\n\t\t\t\t\t\t\t<div class=\"elementor-divider\">\n\t\t\t<span class=\"elementor-divider-separator\">\n\t\t\t\t\t\t<\/span>\n\t\t<\/div>\n\t\t\t\t\t\t<\/div>\n\t\t\t\t<\/div>\n\t\t\t\t<div class=\"elementor-element elementor-element-0767ec4 elementor-widget elementor-widget-heading\" data-id=\"0767ec4\" data-element_type=\"widget\" data-widget_type=\"heading.default\">\n\t\t\t\t<div class=\"elementor-widget-container\">\n\t\t\t\t\t<h2 class=\"elementor-heading-title elementor-size-default\">Cont\u00e1ctanos<\/h2>\t\t\t\t<\/div>\n\t\t\t\t<\/div>\n\t\t\t\t<div class=\"elementor-element elementor-element-2b93e56 elementor-widget elementor-widget-text-editor\" data-id=\"2b93e56\" data-element_type=\"widget\" data-widget_type=\"text-editor.default\">\n\t\t\t\t<div class=\"elementor-widget-container\">\n\t\t\t\t\t\t\t\t\t<p data-pm-slice=\"1 1 []\">Si tienes preguntas o inquietudes sobre estos T\u00e9rminos y Condiciones, comun\u00edcate con nosotros:<\/p><ul data-spread=\"false\"><li><p><strong>Correo Electr\u00f3nico<\/strong>: <a href=\"mailto:info@topcash4junkcars.com\">info@topcash4junkcars.com<\/a><\/p><\/li><li><p><strong>Tel\u00e9fono<\/strong>: <a href=\"tel:+18442781745\">(844) 278-1745<\/a><\/p><\/li><\/ul><p>\u00a1Gracias por elegir <strong>Top Cash 4 Junk Cars<\/strong>!<\/p>\t\t\t\t\t\t\t\t<\/div>\n\t\t\t\t<\/div>\n\t\t\t\t\t<\/div>\n\t\t\t\t<\/div>\n\t\t\t\t<\/div>\n\t\t","protected":false},"excerpt":{"rendered":"<p>T\u00e9rminos y Condiciones Bienvenido a Top Cash 4 Junk Cars. Al utilizar nuestros servicios, aceptas los siguientes t\u00e9rminos y condiciones. Por favor, l\u00e9elos detenidamente antes de interactuar con nuestra plataforma o servicios. Si tienes alguna pregunta, no dudes en contactarnos en info@topcash4junkcars.com. T\u00e9rminos Generales Elegibilidad Para utilizar nuestros servicios, debes tener al menos 18 a\u00f1os [&hellip;]<\/p>\n","protected":false},"author":1,"featured_media":0,"parent":0,"menu_order":0,"comment_status":"closed","ping_status":"open","template":"","meta":{"_monsterinsights_skip_tracking":false,"_monsterinsights_sitenote_active":false,"_monsterinsights_sitenote_note":"","_monsterinsights_sitenote_category":0,"footnotes":""},"class_list":["post-3","page","type-page","status-publish","hentry"],"_links":{"self":[{"href":"https:\/\/topcash4junkcars.com\/spanish\/wp-json\/wp\/v2\/pages\/3","targetHints":{"allow":["GET"]}}],"collection":[{"href":"https:\/\/topcash4junkcars.com\/spanish\/wp-json\/wp\/v2\/pages"}],"about":[{"href":"https:\/\/topcash4junkcars.com\/spanish\/wp-json\/wp\/v2\/types\/page"}],"author":[{"embeddable":true,"href":"https:\/\/topcash4junkcars.com\/spanish\/wp-json\/wp\/v2\/users\/1"}],"replies":[{"embeddable":true,"href":"https:\/\/topcash4junkcars.com\/spanish\/wp-json\/wp\/v2\/comments?post=3"}],"version-history":[{"count":7,"href":"https:\/\/topcash4junkcars.com\/spanish\/wp-json\/wp\/v2\/pages\/3\/revisions"}],"predecessor-version":[{"id":282,"href":"https:\/\/topcash4junkcars.com\/spanish\/wp-json\/wp\/v2\/pages\/3\/revisions\/282"}],"wp:attachment":[{"href":"https:\/\/topcash4junkcars.com\/spanish\/wp-json\/wp\/v2\/media?parent=3"}],"curies":[{"name":"wp","href":"https:\/\/api.w.org\/{rel}","templated":true}]}}