{"id":116,"date":"2024-12-16T03:33:38","date_gmt":"2024-12-16T03:33:38","guid":{"rendered":"https:\/\/topcash4junkcars.com\/?page_id=116"},"modified":"2025-07-21T04:52:51","modified_gmt":"2025-07-21T11:52:51","slug":"about-us","status":"publish","type":"page","link":"https:\/\/topcash4junkcars.com\/spanish\/about-us\/","title":{"rendered":"About Us"},"content":{"rendered":"\t\t<div data-elementor-type=\"wp-page\" data-elementor-id=\"116\" class=\"elementor elementor-116\" data-elementor-post-type=\"page\">\n\t\t\t\t<div class=\"elementor-element elementor-element-53c2b2d5 e-flex e-con-boxed e-con e-parent\" data-id=\"53c2b2d5\" data-element_type=\"container\">\n\t\t\t\t\t<div class=\"e-con-inner\">\n\t\t<div class=\"elementor-element elementor-element-6adb2bdd e-con-full e-flex e-con e-child\" data-id=\"6adb2bdd\" data-element_type=\"container\">\n\t\t\t\t<div class=\"elementor-element elementor-element-1e9c24c6 elementor-widget elementor-widget-heading\" data-id=\"1e9c24c6\" data-element_type=\"widget\" data-widget_type=\"heading.default\">\n\t\t\t\t<div class=\"elementor-widget-container\">\n\t\t\t\t\t<h2 class=\"elementor-heading-title elementor-size-default\">\u00bfPor Qu\u00e9 Elegirnos?<\/h2>\t\t\t\t<\/div>\n\t\t\t\t<\/div>\n\t\t\t\t<div class=\"elementor-element elementor-element-774d0f3d elementor-widget elementor-widget-heading\" data-id=\"774d0f3d\" data-element_type=\"widget\" data-widget_type=\"heading.default\">\n\t\t\t\t<div class=\"elementor-widget-container\">\n\t\t\t\t\t<h2 class=\"elementor-heading-title elementor-size-default\">Razones Principales para Vendernos tu Auto Chatarra<\/h2>\t\t\t\t<\/div>\n\t\t\t\t<\/div>\n\t\t\t\t<div class=\"elementor-element elementor-element-7040c838 top-reasons elementor-widget elementor-widget-text-editor\" data-id=\"7040c838\" data-element_type=\"widget\" data-widget_type=\"text-editor.default\">\n\t\t\t\t<div class=\"elementor-widget-container\">\n\t\t\t\t\t\t\t\t\t<ol><li><p><strong>Pagamos los Mejores Precios<\/strong><br \/>En <strong>Top Cash 4 Junk Cars<\/strong>, nuestro objetivo es ofrecer los precios m\u00e1s competitivos para tu auto chatarra. Con evaluaciones del mercado en tiempo real, aseguramos que obtendr\u00e1s el mejor trato posible.<\/p><\/li><li><p><strong>Proceso R\u00e1pido y Sin Complicaciones<\/strong><br \/>Vender tu auto no deber\u00eda ser complicado. Por eso hemos simplificado nuestro proceso para que sea r\u00e1pido y sencillo. Desde enviar los datos de tu auto en l\u00ednea hasta recibir el pago, te guiaremos en cada paso.<\/p><\/li><li><p><strong>Servicio de Remolque Gratis<\/strong><br \/>No te preocupes por c\u00f3mo traer tu auto hasta nosotros. \u00a1Nosotros iremos a ti! Nuestro servicio de remolque gratuito garantiza que vender tu auto sea lo m\u00e1s conveniente posible.<\/p><\/li><li><p><strong>Aceptamos Autos en Casi Cualquier Condici\u00f3n<\/strong><br \/>Ya sea que tu auto est\u00e9 destrozado, no funcione o simplemente sea viejo, estamos interesados. No necesitas preocuparte por reparaciones o limpieza: lo aceptamos tal como est\u00e1.<\/p><\/li><li><p><strong>Servicio Transparente y Confiable<\/strong><br \/>Sin tarifas ocultas. Sin letra peque\u00f1a. Lo que te ofrecemos es lo que obtendr\u00e1s, sin sorpresas. Estamos comprometidos con la honestidad y la claridad en cada transacci\u00f3n.<\/p><\/li><li><p><strong>Equipo Amable y Profesional<\/strong><br \/>Nuestro equipo est\u00e1 aqu\u00ed para hacer que tu experiencia sea agradable y libre de estr\u00e9s. Ya sea que tengas preguntas, necesites orientaci\u00f3n o requieras acomodaciones especiales, siempre estaremos encantados de ayudarte.<\/p><\/li><\/ol>\t\t\t\t\t\t\t\t<\/div>\n\t\t\t\t<\/div>\n\t\t\t\t<\/div>\n\t\t<div class=\"elementor-element elementor-element-175c47a3 e-con-full e-flex e-con e-child\" data-id=\"175c47a3\" data-element_type=\"container\">\n\t\t\t\t<\/div>\n\t\t\t\t\t<\/div>\n\t\t\t\t<\/div>\n\t\t<div class=\"elementor-element elementor-element-347ea5d e-flex e-con-boxed e-con e-parent\" data-id=\"347ea5d\" data-element_type=\"container\" data-settings=\"{&quot;background_background&quot;:&quot;classic&quot;}\">\n\t\t\t\t\t<div class=\"e-con-inner\">\n\t\t<div class=\"elementor-element elementor-element-50cfd97 e-flex e-con-boxed e-con e-child\" data-id=\"50cfd97\" data-element_type=\"container\">\n\t\t\t\t\t<div class=\"e-con-inner\">\n\t\t\t\t<div class=\"elementor-element elementor-element-1c2198f elementor-invisible elementor-widget elementor-widget-heading\" data-id=\"1c2198f\" data-element_type=\"widget\" data-settings=\"{&quot;_animation&quot;:&quot;zoomIn&quot;}\" data-widget_type=\"heading.default\">\n\t\t\t\t<div class=\"elementor-widget-container\">\n\t\t\t\t\t<h1 class=\"elementor-heading-title elementor-size-default\"><span style=\"color:#DAA520\">Qui\u00e9nes<\/span> Somos<\/h1>\t\t\t\t<\/div>\n\t\t\t\t<\/div>\n\t\t\t\t\t<\/div>\n\t\t\t\t<\/div>\n\t\t\t\t\t<\/div>\n\t\t\t\t<\/div>\n\t\t<div class=\"elementor-element elementor-element-8ee5416 e-flex e-con-boxed e-con e-parent\" data-id=\"8ee5416\" data-element_type=\"container\">\n\t\t\t\t\t<div class=\"e-con-inner\">\n\t\t<div class=\"elementor-element elementor-element-758cb98 e-con-full e-flex e-con e-child\" data-id=\"758cb98\" data-element_type=\"container\">\n\t\t<div class=\"elementor-element elementor-element-6d2a1a8 e-con-full e-flex e-con e-child\" data-id=\"6d2a1a8\" data-element_type=\"container\">\n\t\t<div class=\"elementor-element elementor-element-509abf4 e-con-full e-flex e-con e-child\" data-id=\"509abf4\" data-element_type=\"container\">\n\t\t\t\t<div class=\"elementor-element elementor-element-5f0424c elementor-widget elementor-widget-text-editor\" data-id=\"5f0424c\" data-element_type=\"widget\" data-widget_type=\"text-editor.default\">\n\t\t\t\t<div class=\"elementor-widget-container\">\n\t\t\t\t\t\t\t\t\t<p data-pm-slice=\"1 1 []\">En <strong>Top Cash 4 Junk Cars<\/strong>, creemos que cada veh\u00edculo tiene valor, incluso aquellos que han llegado al final de su vida \u00fatil. Nuestra misi\u00f3n es simple: ofrecer una soluci\u00f3n r\u00e1pida, f\u00e1cil y gratificante para los propietarios de autos que desean vender sus autos chatarra. Ya sea que tu auto est\u00e9 da\u00f1ado, viejo o simplemente no funcione, estamos aqu\u00ed para convertirlo en dinero en efectivo mientras le damos una segunda oportunidad.<\/p>\t\t\t\t\t\t\t\t<\/div>\n\t\t\t\t<\/div>\n\t\t\t\t<\/div>\n\t\t\t\t<\/div>\n\t\t\t\t<\/div>\n\t\t<div class=\"elementor-element elementor-element-a280595 e-con-full e-flex e-con e-child\" data-id=\"a280595\" data-element_type=\"container\">\n\t\t<div class=\"elementor-element elementor-element-09628fe e-con-full animated-slow e-flex elementor-invisible e-con e-child\" data-id=\"09628fe\" data-element_type=\"container\" data-settings=\"{&quot;animation&quot;:&quot;fadeInLeft&quot;}\">\n\t\t\t\t<div class=\"elementor-element elementor-element-23ec8b1 elementor-widget elementor-widget-heading\" data-id=\"23ec8b1\" data-element_type=\"widget\" data-widget_type=\"heading.default\">\n\t\t\t\t<div class=\"elementor-widget-container\">\n\t\t\t\t\t<h3 class=\"elementor-heading-title elementor-size-default\">\u00bfPor Qu\u00e9 Elegirnos?<\/h3>\t\t\t\t<\/div>\n\t\t\t\t<\/div>\n\t\t\t\t<div class=\"elementor-element elementor-element-66c0e89 top-reasons elementor-widget elementor-widget-text-editor\" data-id=\"66c0e89\" data-element_type=\"widget\" data-widget_type=\"text-editor.default\">\n\t\t\t\t<div class=\"elementor-widget-container\">\n\t\t\t\t\t\t\t\t\t<ol><li><p><strong>Pagamos los Mejores Precios<\/strong><br \/>En <strong>Top Cash 4 Junk Cars<\/strong>, nuestro objetivo es ofrecer los precios m\u00e1s competitivos para tu auto chatarra. Con evaluaciones del mercado en tiempo real, aseguramos que obtendr\u00e1s el mejor trato posible.<\/p><\/li><li><p><strong>Proceso R\u00e1pido y Sin Complicaciones<\/strong><br \/>Vender tu auto no deber\u00eda ser complicado. Por eso hemos simplificado nuestro proceso para que sea r\u00e1pido y sencillo. Desde enviar los datos de tu auto en l\u00ednea hasta recibir el pago, te guiaremos en cada paso.<\/p><\/li><li><p><strong>Servicio de Remolque Gratis<\/strong><br \/>No te preocupes por c\u00f3mo traer tu auto hasta nosotros. \u00a1Nosotros iremos a ti! Nuestro servicio de remolque gratuito garantiza que vender tu auto sea lo m\u00e1s conveniente posible.<\/p><\/li><li><p><strong>Aceptamos Autos en Casi Cualquier Condici\u00f3n<\/strong><br \/>Ya sea que tu auto est\u00e9 destrozado, no funcione o simplemente sea viejo, estamos interesados. No necesitas preocuparte por reparaciones o limpieza: lo aceptamos tal como est\u00e1.<\/p><\/li><li><p><strong>Servicio Transparente y Confiable<\/strong><br \/>Sin tarifas ocultas. Sin letra peque\u00f1a. Lo que te ofrecemos es lo que obtendr\u00e1s, sin sorpresas. Estamos comprometidos con la honestidad y la claridad en cada transacci\u00f3n.<\/p><\/li><li><p><strong>Equipo Amable y Profesional<\/strong><br \/>Nuestro equipo est\u00e1 aqu\u00ed para hacer que tu experiencia sea agradable y libre de estr\u00e9s. Ya sea que tengas preguntas, necesites orientaci\u00f3n o requieras acomodaciones especiales, siempre estaremos encantados de ayudarte.<\/p><\/li><\/ol>\t\t\t\t\t\t\t\t<\/div>\n\t\t\t\t<\/div>\n\t\t\t\t<\/div>\n\t\t<div class=\"elementor-element elementor-element-d950f83 e-con-full animated-slow e-flex elementor-invisible e-con e-child\" data-id=\"d950f83\" data-element_type=\"container\" data-settings=\"{&quot;animation&quot;:&quot;fadeInUp&quot;,&quot;animation_delay&quot;:150}\">\n\t\t\t\t<div class=\"elementor-element elementor-element-257e0a3 elementor-widget elementor-widget-image\" data-id=\"257e0a3\" data-element_type=\"widget\" data-widget_type=\"image.default\">\n\t\t\t\t<div class=\"elementor-widget-container\">\n\t\t\t\t\t\t\t\t\t\t\t\t\t\t\t<img fetchpriority=\"high\" decoding=\"async\" width=\"800\" height=\"1240\" src=\"https:\/\/topcash4junkcars.com\/spanish\/wp-content\/uploads\/2025\/07\/junk-cars3.jpg\" class=\"attachment-full size-full wp-image-2862\" alt=\"\" srcset=\"https:\/\/topcash4junkcars.com\/spanish\/wp-content\/uploads\/2025\/07\/junk-cars3.jpg 800w, https:\/\/topcash4junkcars.com\/spanish\/wp-content\/uploads\/2025\/07\/junk-cars3-194x300.jpg 194w, https:\/\/topcash4junkcars.com\/spanish\/wp-content\/uploads\/2025\/07\/junk-cars3-661x1024.jpg 661w, https:\/\/topcash4junkcars.com\/spanish\/wp-content\/uploads\/2025\/07\/junk-cars3-768x1190.jpg 768w\" sizes=\"(max-width: 800px) 100vw, 800px\" \/>\t\t\t\t\t\t\t\t\t\t\t\t\t\t\t<\/div>\n\t\t\t\t<\/div>\n\t\t\t\t<\/div>\n\t\t\t\t<\/div>\n\t\t\t\t\t<\/div>\n\t\t\t\t<\/div>\n\t\t<div class=\"elementor-element elementor-element-391de44 e-flex e-con-boxed e-con e-parent\" data-id=\"391de44\" data-element_type=\"container\" data-settings=\"{&quot;background_background&quot;:&quot;classic&quot;}\">\n\t\t\t\t\t<div class=\"e-con-inner\">\n\t\t<div class=\"elementor-element elementor-element-9d8909b e-con-full e-flex e-con e-child\" data-id=\"9d8909b\" data-element_type=\"container\">\n\t\t<div class=\"elementor-element elementor-element-ea20b69 e-flex e-con-boxed e-con e-child\" data-id=\"ea20b69\" data-element_type=\"container\">\n\t\t\t\t\t<div class=\"e-con-inner\">\n\t\t\t\t<div class=\"elementor-element elementor-element-03eaa73 elementor-widget elementor-widget-heading\" data-id=\"03eaa73\" data-element_type=\"widget\" data-widget_type=\"heading.default\">\n\t\t\t\t<div class=\"elementor-widget-container\">\n\t\t\t\t\t<h2 class=\"elementor-heading-title elementor-size-default\">Nuestra Misi\u00f3n<\/h2>\t\t\t\t<\/div>\n\t\t\t\t<\/div>\n\t\t\t\t<div class=\"elementor-element elementor-element-3b519b5 elementor-widget elementor-widget-heading\" data-id=\"3b519b5\" data-element_type=\"widget\" data-widget_type=\"heading.default\">\n\t\t\t\t<div class=\"elementor-widget-container\">\n\t\t\t\t\t<h3 class=\"elementor-heading-title elementor-size-default\">Haciendo el Proceso Sencillo<\/h3>\t\t\t\t<\/div>\n\t\t\t\t<\/div>\n\t\t\t\t<div class=\"elementor-element elementor-element-9f21054 elementor-widget elementor-widget-text-editor\" data-id=\"9f21054\" data-element_type=\"widget\" data-widget_type=\"text-editor.default\">\n\t\t\t\t<div class=\"elementor-widget-container\">\n\t\t\t\t\t\t\t\t\t<p data-pm-slice=\"1 1 []\">No solo compramos autos chatarra, sino que hacemos que el proceso sea sencillo para ti. Desde ofrecer un sistema de cotizaci\u00f3n en l\u00ednea sin complicaciones hasta servicios de recolecci\u00f3n gratuitos y r\u00e1pidos, nuestro objetivo es hacer que vender tu auto sea lo m\u00e1s f\u00e1cil posible.<\/p><p data-pm-slice=\"1 1 []\">En\u00a0<strong>Top Cash 4 Junk Cars<\/strong>, nos aseguramos de que recibas el mejor precio por tu veh\u00edculo mientras te ahorramos tiempo y molestias. Al elegirnos, eliges comodidad, rapidez y valor en cada paso del camino.<\/p>\t\t\t\t\t\t\t\t<\/div>\n\t\t\t\t<\/div>\n\t\t\t\t\t<\/div>\n\t\t\t\t<\/div>\n\t\t\t\t<\/div>\n\t\t\t\t\t<\/div>\n\t\t\t\t<\/div>\n\t\t<div class=\"elementor-element elementor-element-eaacfcd e-flex e-con-boxed e-con e-parent\" data-id=\"eaacfcd\" data-element_type=\"container\">\n\t\t\t\t\t<div class=\"e-con-inner\">\n\t\t<div class=\"elementor-element elementor-element-78dc93e e-flex e-con-boxed e-con e-child\" data-id=\"78dc93e\" data-element_type=\"container\">\n\t\t\t\t\t<div class=\"e-con-inner\">\n\t\t\t\t<div class=\"elementor-element elementor-element-bb94c85 elementor-widget elementor-widget-heading\" data-id=\"bb94c85\" data-element_type=\"widget\" data-widget_type=\"heading.default\">\n\t\t\t\t<div class=\"elementor-widget-container\">\n\t\t\t\t\t<h3 class=\"elementor-heading-title elementor-size-default\">\u00bfListo para vender tu auto chatarra?<\/h3>\t\t\t\t<\/div>\n\t\t\t\t<\/div>\n\t\t\t\t<div class=\"elementor-element elementor-element-bf7b18f elementor-widget elementor-widget-text-editor\" data-id=\"bf7b18f\" data-element_type=\"widget\" data-widget_type=\"text-editor.default\">\n\t\t\t\t<div class=\"elementor-widget-container\">\n\t\t\t\t\t\t\t\t\t<p data-pm-slice=\"1 1 []\">Completa nuestro formulario r\u00e1pido en l\u00ednea para recibir una oferta de dinero en efectivo al instante.<\/p>\t\t\t\t\t\t\t\t<\/div>\n\t\t\t\t<\/div>\n\t\t\t\t<div class=\"elementor-element elementor-element-c72b018 elementor-align-center elementor-widget elementor-widget-button\" data-id=\"c72b018\" data-element_type=\"widget\" data-widget_type=\"button.default\">\n\t\t\t\t<div class=\"elementor-widget-container\">\n\t\t\t\t\t\t\t\t\t<div class=\"elementor-button-wrapper\">\n\t\t\t\t\t<a class=\"elementor-button elementor-button-link elementor-size-sm\" href=\"https:\/\/offer.topcash4junkcars.com\/es\">\n\t\t\t\t\t\t<span class=\"elementor-button-content-wrapper\">\n\t\t\t\t\t\t\t\t\t<span class=\"elementor-button-text\">OBT\u00c9N MI COTIZACI\u00d3N<\/span>\n\t\t\t\t\t<\/span>\n\t\t\t\t\t<\/a>\n\t\t\t\t<\/div>\n\t\t\t\t\t\t\t\t<\/div>\n\t\t\t\t<\/div>\n\t\t\t\t\t<\/div>\n\t\t\t\t<\/div>\n\t\t<div class=\"elementor-element elementor-element-cf2ced6 e-con-full e-flex e-con e-child\" data-id=\"cf2ced6\" data-element_type=\"container\">\n\t\t<div class=\"elementor-element elementor-element-25cc185 e-con-full animated-slow e-flex elementor-invisible e-con e-child\" data-id=\"25cc185\" data-element_type=\"container\" data-settings=\"{&quot;animation&quot;:&quot;fadeInUp&quot;}\">\n\t\t<div class=\"elementor-element elementor-element-87d628d e-con-full e-flex e-con e-child\" data-id=\"87d628d\" data-element_type=\"container\" data-settings=\"{&quot;background_background&quot;:&quot;classic&quot;}\">\n\t\t\t\t<div class=\"elementor-element elementor-element-54aa97e elementor-widget elementor-widget-heading\" data-id=\"54aa97e\" data-element_type=\"widget\" data-widget_type=\"heading.default\">\n\t\t\t\t<div class=\"elementor-widget-container\">\n\t\t\t\t\t<h6 class=\"elementor-heading-title elementor-size-default\">Step 1<\/h6>\t\t\t\t<\/div>\n\t\t\t\t<\/div>\n\t\t\t\t<div class=\"elementor-element elementor-element-0111bda elementor-widget elementor-widget-heading\" data-id=\"0111bda\" data-element_type=\"widget\" data-widget_type=\"heading.default\">\n\t\t\t\t<div class=\"elementor-widget-container\">\n\t\t\t\t\t<h5 class=\"elementor-heading-title elementor-size-default\">Env\u00eda tus Datos<\/h5>\t\t\t\t<\/div>\n\t\t\t\t<\/div>\n\t\t\t\t<div class=\"elementor-element elementor-element-f64e0f4 elementor-widget elementor-widget-text-editor\" data-id=\"f64e0f4\" data-element_type=\"widget\" data-widget_type=\"text-editor.default\">\n\t\t\t\t<div class=\"elementor-widget-container\">\n\t\t\t\t\t\t\t\t\t<p>Completa el formulario r\u00e1pido con la informaci\u00f3n de tu auto.<\/p>\t\t\t\t\t\t\t\t<\/div>\n\t\t\t\t<\/div>\n\t\t\t\t<\/div>\n\t\t\t\t<\/div>\n\t\t<div class=\"elementor-element elementor-element-e6fdb02 e-con-full animated-slow e-flex elementor-invisible e-con e-child\" data-id=\"e6fdb02\" data-element_type=\"container\" data-settings=\"{&quot;animation&quot;:&quot;fadeInUp&quot;,&quot;animation_delay&quot;:150}\">\n\t\t<div class=\"elementor-element elementor-element-4969b6b e-con-full e-flex e-con e-child\" data-id=\"4969b6b\" data-element_type=\"container\" data-settings=\"{&quot;background_background&quot;:&quot;classic&quot;}\">\n\t\t\t\t<div class=\"elementor-element elementor-element-02178d5 elementor-widget elementor-widget-heading\" data-id=\"02178d5\" data-element_type=\"widget\" data-widget_type=\"heading.default\">\n\t\t\t\t<div class=\"elementor-widget-container\">\n\t\t\t\t\t<h6 class=\"elementor-heading-title elementor-size-default\">Step 2<\/h6>\t\t\t\t<\/div>\n\t\t\t\t<\/div>\n\t\t\t\t<div class=\"elementor-element elementor-element-8001679 elementor-widget elementor-widget-heading\" data-id=\"8001679\" data-element_type=\"widget\" data-widget_type=\"heading.default\">\n\t\t\t\t<div class=\"elementor-widget-container\">\n\t\t\t\t\t<h5 class=\"elementor-heading-title elementor-size-default\">Obt\u00e9n una Oferta Instant\u00e1nea<\/h5>\t\t\t\t<\/div>\n\t\t\t\t<\/div>\n\t\t\t\t<div class=\"elementor-element elementor-element-34921b6 elementor-widget elementor-widget-text-editor\" data-id=\"34921b6\" data-element_type=\"widget\" data-widget_type=\"text-editor.default\">\n\t\t\t\t<div class=\"elementor-widget-container\">\n\t\t\t\t\t\t\t\t\t<p>Recibe una oferta en efectivo al instante despu\u00e9s de llenar nuestro formulario de cotizaci\u00f3n.<\/p>\t\t\t\t\t\t\t\t<\/div>\n\t\t\t\t<\/div>\n\t\t\t\t<\/div>\n\t\t\t\t<\/div>\n\t\t<div class=\"elementor-element elementor-element-10dbc34 e-con-full animated-slow e-flex elementor-invisible e-con e-child\" data-id=\"10dbc34\" data-element_type=\"container\" data-settings=\"{&quot;animation&quot;:&quot;fadeInUp&quot;,&quot;animation_delay&quot;:300}\">\n\t\t<div class=\"elementor-element elementor-element-0534664 e-con-full e-flex e-con e-child\" data-id=\"0534664\" data-element_type=\"container\" data-settings=\"{&quot;background_background&quot;:&quot;classic&quot;}\">\n\t\t\t\t<div class=\"elementor-element elementor-element-c98655b elementor-widget elementor-widget-heading\" data-id=\"c98655b\" data-element_type=\"widget\" data-widget_type=\"heading.default\">\n\t\t\t\t<div class=\"elementor-widget-container\">\n\t\t\t\t\t<h6 class=\"elementor-heading-title elementor-size-default\">Step 3<\/h6>\t\t\t\t<\/div>\n\t\t\t\t<\/div>\n\t\t\t\t<div class=\"elementor-element elementor-element-72396d7 elementor-widget elementor-widget-heading\" data-id=\"72396d7\" data-element_type=\"widget\" data-widget_type=\"heading.default\">\n\t\t\t\t<div class=\"elementor-widget-container\">\n\t\t\t\t\t<h5 class=\"elementor-heading-title elementor-size-default\">Recolecci\u00f3n y Pago<\/h5>\t\t\t\t<\/div>\n\t\t\t\t<\/div>\n\t\t\t\t<div class=\"elementor-element elementor-element-64120bb elementor-widget elementor-widget-text-editor\" data-id=\"64120bb\" data-element_type=\"widget\" data-widget_type=\"text-editor.default\">\n\t\t\t\t<div class=\"elementor-widget-container\">\n\t\t\t\t\t\t\t\t\t<p>\u00a1Recogeremos tu auto gratis y te pagaremos en el momento!<\/p>\t\t\t\t\t\t\t\t<\/div>\n\t\t\t\t<\/div>\n\t\t\t\t<\/div>\n\t\t\t\t<\/div>\n\t\t\t\t<\/div>\n\t\t\t\t\t<\/div>\n\t\t\t\t<\/div>\n\t\t\t\t<\/div>\n\t\t","protected":false},"excerpt":{"rendered":"<p>\u00bfPor Qu\u00e9 Elegirnos? Razones Principales para Vendernos tu Auto Chatarra Pagamos los Mejores PreciosEn Top Cash 4 Junk Cars, nuestro objetivo es ofrecer los precios m\u00e1s competitivos para tu auto chatarra. Con evaluaciones del mercado en tiempo real, aseguramos que obtendr\u00e1s el mejor trato posible. Proceso R\u00e1pido y Sin ComplicacionesVender tu auto no deber\u00eda ser [&hellip;]<\/p>\n","protected":false},"author":1,"featured_media":0,"parent":0,"menu_order":0,"comment_status":"closed","ping_status":"closed","template":"","meta":{"_monsterinsights_skip_tracking":false,"_monsterinsights_sitenote_active":false,"_monsterinsights_sitenote_note":"","_monsterinsights_sitenote_category":0,"footnotes":""},"class_list":["post-116","page","type-page","status-publish","hentry"],"_links":{"self":[{"href":"https:\/\/topcash4junkcars.com\/spanish\/wp-json\/wp\/v2\/pages\/116","targetHints":{"allow":["GET"]}}],"collection":[{"href":"https:\/\/topcash4junkcars.com\/spanish\/wp-json\/wp\/v2\/pages"}],"about":[{"href":"https:\/\/topcash4junkcars.com\/spanish\/wp-json\/wp\/v2\/types\/page"}],"author":[{"embeddable":true,"href":"https:\/\/topcash4junkcars.com\/spanish\/wp-json\/wp\/v2\/users\/1"}],"replies":[{"embeddable":true,"href":"https:\/\/topcash4junkcars.com\/spanish\/wp-json\/wp\/v2\/comments?post=116"}],"version-history":[{"count":25,"href":"https:\/\/topcash4junkcars.com\/spanish\/wp-json\/wp\/v2\/pages\/116\/revisions"}],"predecessor-version":[{"id":2865,"href":"https:\/\/topcash4junkcars.com\/spanish\/wp-json\/wp\/v2\/pages\/116\/revisions\/2865"}],"wp:attachment":[{"href":"https:\/\/topcash4junkcars.com\/spanish\/wp-json\/wp\/v2\/media?parent=116"}],"curies":[{"name":"wp","href":"https:\/\/api.w.org\/{rel}","templated":true}]}}